{"id":47,"date":"2023-11-14T10:29:30","date_gmt":"2023-11-14T09:29:30","guid":{"rendered":"https:\/\/constant-bossi.com\/fr-fr\/?page_id=47"},"modified":"2024-10-04T13:53:49","modified_gmt":"2024-10-04T11:53:49","slug":"nos-marques","status":"publish","type":"page","link":"https:\/\/constant-bossi.com\/fr-fr\/nos-marques\/","title":{"rendered":"Nos marques"},"content":{"rendered":"\t\t<div data-elementor-type=\"wp-page\" data-elementor-id=\"47\" class=\"elementor elementor-47\" data-elementor-post-type=\"page\">\n\t\t\t\t<div class=\"elementor-element elementor-element-3a276ec e-con-full e-flex e-con e-parent\" data-id=\"3a276ec\" data-element_type=\"container\" data-e-type=\"container\" data-settings=\"{&quot;background_background&quot;:&quot;classic&quot;}\">\n\t\t\t\t<div class=\"elementor-element elementor-element-3ea235a elementor-widget elementor-widget-heading\" data-id=\"3ea235a\" data-element_type=\"widget\" data-e-type=\"widget\" data-widget_type=\"heading.default\">\n\t\t\t\t<div class=\"elementor-widget-container\">\n\t\t\t\t\t<h1 class=\"elementor-heading-title elementor-size-default\">Nos Marques<\/h1>\t\t\t\t<\/div>\n\t\t\t\t<\/div>\n\t\t\t\t<\/div>\n\t\t<div class=\"elementor-element elementor-element-b238ddc e-flex e-con-boxed e-con e-parent\" data-id=\"b238ddc\" data-element_type=\"container\" data-e-type=\"container\">\n\t\t\t\t\t<div class=\"e-con-inner\">\n\t\t<div class=\"elementor-element elementor-element-b5e4512 e-con-full e-flex e-con e-child\" data-id=\"b5e4512\" data-element_type=\"container\" data-e-type=\"container\">\n\t\t\t\t<div class=\"elementor-element elementor-element-7268652 elementor-widget elementor-widget-image\" data-id=\"7268652\" data-element_type=\"widget\" data-e-type=\"widget\" data-widget_type=\"image.default\">\n\t\t\t\t<div class=\"elementor-widget-container\">\n\t\t\t\t\t\t\t\t\t\t\t\t\t\t\t<img decoding=\"async\" src=\"https:\/\/constant-bossi.com\/fr-fr\/wp-content\/uploads\/sites\/4\/elementor\/thumbs\/chaussons-Constant-Bossi-portes-12-qt8s3a21u1oqfctgl1thujehvim09ehyyumx2uhrw0.jpg\" title=\"chaussons Constant Bossi port\u00e9s (12)\" alt=\"chaussons Constant Bossi port\u00e9s (12)\" loading=\"lazy\" \/>\t\t\t\t\t\t\t\t\t\t\t\t\t\t\t<\/div>\n\t\t\t\t<\/div>\n\t\t\t\t<\/div>\n\t\t<div class=\"elementor-element elementor-element-a2fd114 e-con-full e-flex e-con e-child\" data-id=\"a2fd114\" data-element_type=\"container\" data-e-type=\"container\">\n\t\t\t\t<div class=\"elementor-element elementor-element-476fb0a elementor-widget elementor-widget-image\" data-id=\"476fb0a\" data-element_type=\"widget\" data-e-type=\"widget\" data-widget_type=\"image.default\">\n\t\t\t\t<div class=\"elementor-widget-container\">\n\t\t\t\t\t\t\t\t\t\t\t\t\t\t\t<img decoding=\"async\" src=\"https:\/\/constant-bossi.com\/fr-fr\/wp-content\/uploads\/sites\/4\/elementor\/thumbs\/LOGO-TI-BOSSI-qrcekl1jzznqtbabu26jemb01bex5phouop46pf1qk.png\" title=\"LOGO TI BOSSI\" alt=\"LOGO TI BOSSI\" loading=\"lazy\" \/>\t\t\t\t\t\t\t\t\t\t\t\t\t\t\t<\/div>\n\t\t\t\t<\/div>\n\t\t\t\t<div class=\"elementor-element elementor-element-6ff112e elementor-widget elementor-widget-text-editor\" data-id=\"6ff112e\" data-element_type=\"widget\" data-e-type=\"widget\" data-widget_type=\"text-editor.default\">\n\t\t\t\t<div class=\"elementor-widget-container\">\n\t\t\t\t\t\t\t\t\t<p><strong>Bienvenue dans l\u2019univers f\u00e9\u00e9rique et enfantin de Ti\u2019BOSSI !<\/strong>\u00a0<\/p><p>D\u00e9couvrez notre gamme de chaussures et chaussons cosy et color\u00e9s, con\u00e7us pour apporter confort et style \u00e0 vos petits bouts de chou.<\/p><p><strong>Nos produits :<\/strong><\/p><ul><li><strong>Layette naissance sans semelle<\/strong>\u00a0: Douceur et confort pour les premiers jours de b\u00e9b\u00e9.<\/li><li><strong>Chaussons b\u00e9b\u00e9-enfant<\/strong>\u00a0: Disponibles avec zip, velcro, sans-g\u00eane, ballerine, et bien plus encore.<\/li><li><strong>Chaussures en toile pour b\u00e9b\u00e9<\/strong>\u00a0: L\u00e9g\u00e8res et respirantes, id\u00e9ales pour les petits aventuriers.<\/li><li><strong>Bottillons b\u00e9b\u00e9-enfant<\/strong>\u00a0: Parfaits pour l\u2019int\u00e9rieur comme pour l\u2019ext\u00e9rieur.<\/li><\/ul><p>Tous nos produits sont\u00a0<strong>enti\u00e8rement fabriqu\u00e9s en France<\/strong>, dans nos ateliers situ\u00e9s en Dordogne (24).<\/p>\t\t\t\t\t\t\t\t<\/div>\n\t\t\t\t<\/div>\n\t\t\t\t<\/div>\n\t\t\t\t\t<\/div>\n\t\t\t\t<\/div>\n\t\t<div class=\"elementor-element elementor-element-c7f618b e-grid e-con-boxed e-con e-parent\" data-id=\"c7f618b\" data-element_type=\"container\" data-e-type=\"container\">\n\t\t\t\t\t<div class=\"e-con-inner\">\n\t\t\t\t<div class=\"elementor-element elementor-element-340d30e elementor-widget elementor-widget-image\" data-id=\"340d30e\" data-element_type=\"widget\" data-e-type=\"widget\" data-widget_type=\"image.default\">\n\t\t\t\t<div class=\"elementor-widget-container\">\n\t\t\t\t\t\t\t\t\t\t\t\t\t\t\t<img decoding=\"async\" src=\"https:\/\/constant-bossi.com\/fr-fr\/wp-content\/uploads\/sites\/4\/elementor\/thumbs\/0040-qv21prpuai7rrq7yw0ya9fks16kdal04j3w80d9e9c.png\" title=\"0040\" alt=\"0040\" loading=\"lazy\" \/>\t\t\t\t\t\t\t\t\t\t\t\t\t\t\t<\/div>\n\t\t\t\t<\/div>\n\t\t\t\t<div class=\"elementor-element elementor-element-dbdfd93 elementor-widget elementor-widget-image\" data-id=\"dbdfd93\" data-element_type=\"widget\" data-e-type=\"widget\" data-widget_type=\"image.default\">\n\t\t\t\t<div class=\"elementor-widget-container\">\n\t\t\t\t\t\t\t\t\t\t\t\t\t\t\t<img fetchpriority=\"high\" decoding=\"async\" width=\"1024\" height=\"1024\" src=\"https:\/\/constant-bossi.com\/fr-fr\/wp-content\/uploads\/sites\/4\/2024\/10\/chaussons-Constant-Bossi-11-1024x1024.jpg\" class=\"attachment-large size-large wp-image-1672\" alt=\"\" srcset=\"https:\/\/constant-bossi.com\/fr-fr\/wp-content\/uploads\/sites\/4\/2024\/10\/chaussons-Constant-Bossi-11-1024x1024.jpg 1024w, https:\/\/constant-bossi.com\/fr-fr\/wp-content\/uploads\/sites\/4\/2024\/10\/chaussons-Constant-Bossi-11-300x300.jpg 300w, https:\/\/constant-bossi.com\/fr-fr\/wp-content\/uploads\/sites\/4\/2024\/10\/chaussons-Constant-Bossi-11-150x150.jpg 150w, https:\/\/constant-bossi.com\/fr-fr\/wp-content\/uploads\/sites\/4\/2024\/10\/chaussons-Constant-Bossi-11-768x768.jpg 768w, https:\/\/constant-bossi.com\/fr-fr\/wp-content\/uploads\/sites\/4\/2024\/10\/chaussons-Constant-Bossi-11-600x600.jpg 600w, https:\/\/constant-bossi.com\/fr-fr\/wp-content\/uploads\/sites\/4\/2024\/10\/chaussons-Constant-Bossi-11.jpg 1080w\" sizes=\"(max-width: 1024px) 100vw, 1024px\" \/>\t\t\t\t\t\t\t\t\t\t\t\t\t\t\t<\/div>\n\t\t\t\t<\/div>\n\t\t\t\t<div class=\"elementor-element elementor-element-b9903b8 elementor-widget elementor-widget-image\" data-id=\"b9903b8\" data-element_type=\"widget\" data-e-type=\"widget\" data-widget_type=\"image.default\">\n\t\t\t\t<div class=\"elementor-widget-container\">\n\t\t\t\t\t\t\t\t\t\t\t\t\t\t\t<img decoding=\"async\" src=\"https:\/\/constant-bossi.com\/fr-fr\/wp-content\/uploads\/sites\/4\/elementor\/thumbs\/chaussons-Constant-Bossi-4-qv21sn436a5b8u1s49n8vphhdkeqtaellbnmst038w.jpg\" title=\"chaussons Constant Bossi (4)\" alt=\"chaussons Constant Bossi (4)\" loading=\"lazy\" \/>\t\t\t\t\t\t\t\t\t\t\t\t\t\t\t<\/div>\n\t\t\t\t<\/div>\n\t\t\t\t<div class=\"elementor-element elementor-element-0f95316 elementor-widget elementor-widget-image\" data-id=\"0f95316\" data-element_type=\"widget\" data-e-type=\"widget\" data-widget_type=\"image.default\">\n\t\t\t\t<div class=\"elementor-widget-container\">\n\t\t\t\t\t\t\t\t\t\t\t\t\t\t\t<img decoding=\"async\" src=\"https:\/\/constant-bossi.com\/fr-fr\/wp-content\/uploads\/sites\/4\/elementor\/thumbs\/baby-slippers-Bossi-qrceiv0ccchow93y846rcl01qxnm8hgncazf5yxu9c.jpg\" title=\"baby-slippers-Bossi.jpg\" alt=\"baby-slippers-Bossi.jpg\" loading=\"lazy\" \/>\t\t\t\t\t\t\t\t\t\t\t\t\t\t\t<\/div>\n\t\t\t\t<\/div>\n\t\t\t\t<div class=\"elementor-element elementor-element-7226de3 elementor-widget elementor-widget-image\" data-id=\"7226de3\" data-element_type=\"widget\" data-e-type=\"widget\" data-widget_type=\"image.default\">\n\t\t\t\t<div class=\"elementor-widget-container\">\n\t\t\t\t\t\t\t\t\t\t\t\t\t\t\t<img decoding=\"async\" src=\"https:\/\/constant-bossi.com\/fr-fr\/wp-content\/uploads\/sites\/4\/elementor\/thumbs\/chaussons-Constant-Bossi-portes-15-qt8s33h6i7fq6330ngz3v329ptifriruly2ipwrj3k.jpg\" title=\"chaussons Constant Bossi port\u00e9s (15)\" alt=\"chaussons Constant Bossi port\u00e9s (15)\" loading=\"lazy\" \/>\t\t\t\t\t\t\t\t\t\t\t\t\t\t\t<\/div>\n\t\t\t\t<\/div>\n\t\t\t\t<div class=\"elementor-element elementor-element-1100d71 elementor-widget elementor-widget-image\" data-id=\"1100d71\" data-element_type=\"widget\" data-e-type=\"widget\" data-widget_type=\"image.default\">\n\t\t\t\t<div class=\"elementor-widget-container\">\n\t\t\t\t\t\t\t\t\t\t\t\t\t\t\t<img decoding=\"async\" src=\"https:\/\/constant-bossi.com\/fr-fr\/wp-content\/uploads\/sites\/4\/elementor\/thumbs\/chaussons-Constant-Bossi-16-qv21ue39w6jiupiawiv90rld6dsc50cm5zd5ycepo0.jpg\" title=\"chaussons Constant Bossi (16)\" alt=\"chaussons Constant Bossi (16)\" loading=\"lazy\" \/>\t\t\t\t\t\t\t\t\t\t\t\t\t\t\t<\/div>\n\t\t\t\t<\/div>\n\t\t\t\t<div class=\"elementor-element elementor-element-90d74ad elementor-widget elementor-widget-image\" data-id=\"90d74ad\" data-element_type=\"widget\" data-e-type=\"widget\" data-widget_type=\"image.default\">\n\t\t\t\t<div class=\"elementor-widget-container\">\n\t\t\t\t\t\t\t\t\t\t\t\t\t\t\t<img decoding=\"async\" src=\"https:\/\/constant-bossi.com\/fr-fr\/wp-content\/uploads\/sites\/4\/elementor\/thumbs\/0030-qv21vxjr3enfvp9qwou8lvlk846zr5gs1lut9o4hgw.png\" title=\"0030\" alt=\"0030\" loading=\"lazy\" \/>\t\t\t\t\t\t\t\t\t\t\t\t\t\t\t<\/div>\n\t\t\t\t<\/div>\n\t\t\t\t<div class=\"elementor-element elementor-element-ab14f2a elementor-widget elementor-widget-image\" data-id=\"ab14f2a\" data-element_type=\"widget\" data-e-type=\"widget\" data-widget_type=\"image.default\">\n\t\t\t\t<div class=\"elementor-widget-container\">\n\t\t\t\t\t\t\t\t\t\t\t\t\t\t\t<img decoding=\"async\" width=\"1024\" height=\"1024\" src=\"https:\/\/constant-bossi.com\/fr-fr\/wp-content\/uploads\/sites\/4\/2024\/07\/BROUSSE-1-1024x1024.jpg\" class=\"attachment-large size-large wp-image-1262\" alt=\"\" srcset=\"https:\/\/constant-bossi.com\/fr-fr\/wp-content\/uploads\/sites\/4\/2024\/07\/BROUSSE-1-1024x1024.jpg 1024w, https:\/\/constant-bossi.com\/fr-fr\/wp-content\/uploads\/sites\/4\/2024\/07\/BROUSSE-1-300x300.jpg 300w, https:\/\/constant-bossi.com\/fr-fr\/wp-content\/uploads\/sites\/4\/2024\/07\/BROUSSE-1-150x150.jpg 150w, https:\/\/constant-bossi.com\/fr-fr\/wp-content\/uploads\/sites\/4\/2024\/07\/BROUSSE-1-768x768.jpg 768w, https:\/\/constant-bossi.com\/fr-fr\/wp-content\/uploads\/sites\/4\/2024\/07\/BROUSSE-1-1536x1536.jpg 1536w, https:\/\/constant-bossi.com\/fr-fr\/wp-content\/uploads\/sites\/4\/2024\/07\/BROUSSE-1-scaled.jpg 2048w, https:\/\/constant-bossi.com\/fr-fr\/wp-content\/uploads\/sites\/4\/2024\/07\/elementor\/thumbs\/BROUSSE-1-scaled-qrceh7sids8mkthytwl9hhy0bnrhrjxk45vtxjdn5c.jpg 600w\" sizes=\"(max-width: 1024px) 100vw, 1024px\" \/>\t\t\t\t\t\t\t\t\t\t\t\t\t\t\t<\/div>\n\t\t\t\t<\/div>\n\t\t\t\t<div class=\"elementor-element elementor-element-167e6a2 elementor-widget elementor-widget-image\" data-id=\"167e6a2\" data-element_type=\"widget\" data-e-type=\"widget\" data-widget_type=\"image.default\">\n\t\t\t\t<div class=\"elementor-widget-container\">\n\t\t\t\t\t\t\t\t\t\t\t\t\t\t\t<img decoding=\"async\" width=\"895\" height=\"903\" src=\"https:\/\/constant-bossi.com\/fr-fr\/wp-content\/uploads\/sites\/4\/2024\/10\/Tibossi-0020.png\" class=\"attachment-large size-large wp-image-1676\" alt=\"\" srcset=\"https:\/\/constant-bossi.com\/fr-fr\/wp-content\/uploads\/sites\/4\/2024\/10\/Tibossi-0020.png 895w, https:\/\/constant-bossi.com\/fr-fr\/wp-content\/uploads\/sites\/4\/2024\/10\/Tibossi-0020-297x300.png 297w, https:\/\/constant-bossi.com\/fr-fr\/wp-content\/uploads\/sites\/4\/2024\/10\/Tibossi-0020-150x150.png 150w, https:\/\/constant-bossi.com\/fr-fr\/wp-content\/uploads\/sites\/4\/2024\/10\/Tibossi-0020-768x775.png 768w\" sizes=\"(max-width: 895px) 100vw, 895px\" \/>\t\t\t\t\t\t\t\t\t\t\t\t\t\t\t<\/div>\n\t\t\t\t<\/div>\n\t\t\t\t\t<\/div>\n\t\t\t\t<\/div>\n\t\t<div class=\"elementor-element elementor-element-2ee5eed e-flex e-con-boxed e-con e-parent\" data-id=\"2ee5eed\" data-element_type=\"container\" data-e-type=\"container\" data-settings=\"{&quot;background_background&quot;:&quot;classic&quot;}\">\n\t\t\t\t\t<div class=\"e-con-inner\">\n\t\t\t\t<div class=\"elementor-element elementor-element-c6b1f01 elementor-align-center elementor-widget elementor-widget-button\" data-id=\"c6b1f01\" data-element_type=\"widget\" data-e-type=\"widget\" data-widget_type=\"button.default\">\n\t\t\t\t<div class=\"elementor-widget-container\">\n\t\t\t\t\t\t\t\t\t<div class=\"elementor-button-wrapper\">\n\t\t\t\t\t<a class=\"elementor-button elementor-button-link elementor-size-sm\" href=\"https:\/\/constant-bossi.com\/fr-fr\/savoir-faire\/\">\n\t\t\t\t\t\t<span class=\"elementor-button-content-wrapper\">\n\t\t\t\t\t\t\t\t\t<span class=\"elementor-button-text\">D\u00e9couvrez NOS savoir-faire<\/span>\n\t\t\t\t\t<\/span>\n\t\t\t\t\t<\/a>\n\t\t\t\t<\/div>\n\t\t\t\t\t\t\t\t<\/div>\n\t\t\t\t<\/div>\n\t\t\t\t\t<\/div>\n\t\t\t\t<\/div>\n\t\t<div class=\"elementor-element elementor-element-ca18a8e e-flex e-con-boxed e-con e-parent\" data-id=\"ca18a8e\" data-element_type=\"container\" data-e-type=\"container\">\n\t\t\t\t\t<div class=\"e-con-inner\">\n\t\t<div class=\"elementor-element elementor-element-259679b e-con-full e-flex e-con e-child\" data-id=\"259679b\" data-element_type=\"container\" data-e-type=\"container\">\n\t\t<div class=\"elementor-element elementor-element-367505b e-grid e-con-full e-con e-child\" data-id=\"367505b\" data-element_type=\"container\" data-e-type=\"container\">\n\t\t\t\t<div class=\"elementor-element elementor-element-a6a03d6 elementor-widget elementor-widget-image\" data-id=\"a6a03d6\" data-element_type=\"widget\" data-e-type=\"widget\" data-widget_type=\"image.default\">\n\t\t\t\t<div class=\"elementor-widget-container\">\n\t\t\t\t\t\t\t\t\t\t\t\t\t\t\t<img loading=\"lazy\" decoding=\"async\" width=\"216\" height=\"289\" src=\"https:\/\/constant-bossi.com\/fr-fr\/wp-content\/uploads\/sites\/4\/2024\/07\/Broderie-C.BOSSI-100.jpg\" class=\"attachment-ocean-thumb-l size-ocean-thumb-l wp-image-1004\" alt=\"\" \/>\t\t\t\t\t\t\t\t\t\t\t\t\t\t\t<\/div>\n\t\t\t\t<\/div>\n\t\t\t\t<div class=\"elementor-element elementor-element-9db23a1 elementor-widget elementor-widget-image\" data-id=\"9db23a1\" data-element_type=\"widget\" data-e-type=\"widget\" data-widget_type=\"image.default\">\n\t\t\t\t<div class=\"elementor-widget-container\">\n\t\t\t\t\t\t\t\t\t\t\t\t\t\t\t<img loading=\"lazy\" decoding=\"async\" width=\"216\" height=\"288\" src=\"https:\/\/constant-bossi.com\/fr-fr\/wp-content\/uploads\/sites\/4\/2024\/07\/Impression-tissu-C.BOSSI-100.jpg\" class=\"attachment-large size-large wp-image-1033\" alt=\"\" \/>\t\t\t\t\t\t\t\t\t\t\t\t\t\t\t<\/div>\n\t\t\t\t<\/div>\n\t\t\t\t<div class=\"elementor-element elementor-element-3bcfa80 elementor-widget elementor-widget-image\" data-id=\"3bcfa80\" data-element_type=\"widget\" data-e-type=\"widget\" data-widget_type=\"image.default\">\n\t\t\t\t<div class=\"elementor-widget-container\">\n\t\t\t\t\t\t\t\t\t\t\t\t\t\t\t<img loading=\"lazy\" decoding=\"async\" width=\"217\" height=\"288\" src=\"https:\/\/constant-bossi.com\/fr-fr\/wp-content\/uploads\/sites\/4\/2024\/07\/Transfert-marquage-C.BOSSI-100.jpg\" class=\"attachment-large size-large wp-image-1035\" alt=\"\" \/>\t\t\t\t\t\t\t\t\t\t\t\t\t\t\t<\/div>\n\t\t\t\t<\/div>\n\t\t\t\t<div class=\"elementor-element elementor-element-f09a06a elementor-widget elementor-widget-image\" data-id=\"f09a06a\" data-element_type=\"widget\" data-e-type=\"widget\" data-widget_type=\"image.default\">\n\t\t\t\t<div class=\"elementor-widget-container\">\n\t\t\t\t\t\t\t\t\t\t\t\t\t\t\t<img loading=\"lazy\" decoding=\"async\" width=\"216\" height=\"288\" src=\"https:\/\/constant-bossi.com\/fr-fr\/wp-content\/uploads\/sites\/4\/2024\/07\/Semelle-C.BOSSI-100.jpg\" class=\"attachment-large size-large wp-image-1007\" alt=\"\" \/>\t\t\t\t\t\t\t\t\t\t\t\t\t\t\t<\/div>\n\t\t\t\t<\/div>\n\t\t\t\t<\/div>\n\t\t\t\t<\/div>\n\t\t\t\t\t<\/div>\n\t\t\t\t<\/div>\n\t\t<div class=\"elementor-element elementor-element-14157e6 e-flex e-con-boxed e-con e-parent\" data-id=\"14157e6\" data-element_type=\"container\" data-e-type=\"container\" data-settings=\"{&quot;background_background&quot;:&quot;classic&quot;}\">\n\t\t\t\t\t<div class=\"e-con-inner\">\n\t\t\t\t<div class=\"elementor-element elementor-element-d97d67e elementor-align-center elementor-widget elementor-widget-button\" data-id=\"d97d67e\" data-element_type=\"widget\" data-e-type=\"widget\" data-widget_type=\"button.default\">\n\t\t\t\t<div class=\"elementor-widget-container\">\n\t\t\t\t\t\t\t\t\t<div class=\"elementor-button-wrapper\">\n\t\t\t\t\t<a class=\"elementor-button elementor-button-link elementor-size-sm\" href=\"https:\/\/constant-bossi.com\/fr-fr\/contact\/\">\n\t\t\t\t\t\t<span class=\"elementor-button-content-wrapper\">\n\t\t\t\t\t\t\t\t\t<span class=\"elementor-button-text\">Nous contacter<\/span>\n\t\t\t\t\t<\/span>\n\t\t\t\t\t<\/a>\n\t\t\t\t<\/div>\n\t\t\t\t\t\t\t\t<\/div>\n\t\t\t\t<\/div>\n\t\t\t\t\t<\/div>\n\t\t\t\t<\/div>\n\t\t<div class=\"elementor-element elementor-element-12eadbf e-flex e-con-boxed e-con e-parent\" data-id=\"12eadbf\" data-element_type=\"container\" data-e-type=\"container\">\n\t\t\t\t\t<div class=\"e-con-inner\">\n\t\t\t\t<div class=\"elementor-element elementor-element-fee61d4 elementor-widget elementor-widget-spacer\" data-id=\"fee61d4\" data-element_type=\"widget\" data-e-type=\"widget\" data-widget_type=\"spacer.default\">\n\t\t\t\t<div class=\"elementor-widget-container\">\n\t\t\t\t\t\t\t<div class=\"elementor-spacer\">\n\t\t\t<div class=\"elementor-spacer-inner\"><\/div>\n\t\t<\/div>\n\t\t\t\t\t\t<\/div>\n\t\t\t\t<\/div>\n\t\t\t\t\t<\/div>\n\t\t\t\t<\/div>\n\t\t\t\t<\/div>\n\t\t","protected":false},"excerpt":{"rendered":"<p>Nos Marques Bienvenue dans l\u2019univers f\u00e9\u00e9rique et enfantin de Ti\u2019BOSSI !\u00a0 D\u00e9couvrez notre gamme de chaussures et chaussons cosy et color\u00e9s, con\u00e7us pour apporter confort et style \u00e0 vos petits bouts de chou. Nos produits : Layette naissance sans semelle\u00a0: Douceur et confort pour les premiers jours de b\u00e9b\u00e9. Chaussons b\u00e9b\u00e9-enfant\u00a0: Disponibles avec zip, velcro, [&hellip;]<\/p>\n","protected":false},"author":2,"featured_media":0,"parent":0,"menu_order":0,"comment_status":"closed","ping_status":"closed","template":"","meta":{"_trash_the_other_posts":false,"editor_notices":[],"footnotes":""},"class_list":["post-47","page","type-page","status-publish","hentry","entry"],"_links":{"self":[{"href":"https:\/\/constant-bossi.com\/fr-fr\/wp-json\/wp\/v2\/pages\/47","targetHints":{"allow":["GET"]}}],"collection":[{"href":"https:\/\/constant-bossi.com\/fr-fr\/wp-json\/wp\/v2\/pages"}],"about":[{"href":"https:\/\/constant-bossi.com\/fr-fr\/wp-json\/wp\/v2\/types\/page"}],"author":[{"embeddable":true,"href":"https:\/\/constant-bossi.com\/fr-fr\/wp-json\/wp\/v2\/users\/2"}],"replies":[{"embeddable":true,"href":"https:\/\/constant-bossi.com\/fr-fr\/wp-json\/wp\/v2\/comments?post=47"}],"version-history":[{"count":29,"href":"https:\/\/constant-bossi.com\/fr-fr\/wp-json\/wp\/v2\/pages\/47\/revisions"}],"predecessor-version":[{"id":1688,"href":"https:\/\/constant-bossi.com\/fr-fr\/wp-json\/wp\/v2\/pages\/47\/revisions\/1688"}],"wp:attachment":[{"href":"https:\/\/constant-bossi.com\/fr-fr\/wp-json\/wp\/v2\/media?parent=47"}],"curies":[{"name":"wp","href":"https:\/\/api.w.org\/{rel}","templated":true}]}}