{"id":39,"date":"2023-11-14T10:15:09","date_gmt":"2023-11-14T09:15:09","guid":{"rendered":"https:\/\/constant-bossi.com\/fr-fr\/?page_id=39"},"modified":"2024-07-11T16:53:12","modified_gmt":"2024-07-11T14:53:12","slug":"savoir-faire","status":"publish","type":"page","link":"https:\/\/constant-bossi.com\/fr-fr\/savoir-faire\/","title":{"rendered":"Nos savoir-faire"},"content":{"rendered":"\t\t<div data-elementor-type=\"wp-page\" data-elementor-id=\"39\" class=\"elementor elementor-39\" data-elementor-post-type=\"page\">\n\t\t\t\t<div class=\"elementor-element elementor-element-0fa98a8 e-con-full e-flex e-con e-parent\" data-id=\"0fa98a8\" data-element_type=\"container\" data-e-type=\"container\" data-settings=\"{&quot;background_background&quot;:&quot;classic&quot;}\">\n\t\t\t\t<div class=\"elementor-element elementor-element-63fe5e9 elementor-widget elementor-widget-heading\" data-id=\"63fe5e9\" data-element_type=\"widget\" data-e-type=\"widget\" data-widget_type=\"heading.default\">\n\t\t\t\t<div class=\"elementor-widget-container\">\n\t\t\t\t\t<h1 class=\"elementor-heading-title elementor-size-default\">Nos savoir-faire<\/h1>\t\t\t\t<\/div>\n\t\t\t\t<\/div>\n\t\t\t\t<div class=\"elementor-element elementor-element-602376e elementor-widget elementor-widget-heading\" data-id=\"602376e\" data-element_type=\"widget\" data-e-type=\"widget\" data-widget_type=\"heading.default\">\n\t\t\t\t<div class=\"elementor-widget-container\">\n\t\t\t\t\t<h3 class=\"elementor-heading-title elementor-size-default\">D\u00e9couvrez les coulisses du Made in France avec nos \u00e9quipes et notre atelier<\/h3>\t\t\t\t<\/div>\n\t\t\t\t<\/div>\n\t\t\t\t<\/div>\n\t\t<div class=\"elementor-element elementor-element-09176c5 e-flex e-con-boxed e-con e-parent\" data-id=\"09176c5\" data-element_type=\"container\" data-e-type=\"container\">\n\t\t\t\t\t<div class=\"e-con-inner\">\n\t\t<div class=\"elementor-element elementor-element-a6946dd e-con-full e-flex e-con e-child\" data-id=\"a6946dd\" data-element_type=\"container\" data-e-type=\"container\">\n\t\t\t\t<div class=\"elementor-element elementor-element-0b8e854 elementor-widget elementor-widget-heading\" data-id=\"0b8e854\" data-element_type=\"widget\" data-e-type=\"widget\" data-widget_type=\"heading.default\">\n\t\t\t\t<div class=\"elementor-widget-container\">\n\t\t\t\t\t<h2 class=\"elementor-heading-title elementor-size-default\">CR\u00c9ATION ET D\u00c9VELOPPEMENT <\/h2>\t\t\t\t<\/div>\n\t\t\t\t<\/div>\n\t\t\t\t<div class=\"elementor-element elementor-element-d94e82e elementor-widget elementor-widget-text-editor\" data-id=\"d94e82e\" data-element_type=\"widget\" data-e-type=\"widget\" data-widget_type=\"text-editor.default\">\n\t\t\t\t<div class=\"elementor-widget-container\">\n\t\t\t\t\t\t\t\t\t<p><strong><em>En mouvement<\/em><\/strong>. L\u2019atelier est compos\u00e9 d\u2019une \u00e9quipe de passionn\u00e9s, o\u00f9 collaborent des cr\u00e9atifs, des experts, des techniciens et des orf\u00e8vres de la piq\u00fbre. Plus qu\u2019une manufacture, c\u2019est un incubateur o\u00f9 le croisement \u00a0des id\u00e9es fait na\u00eetre des projets qui n\u2019auraient, peut-\u00eatre pas, \u00a0pu \u00eatre \u00e9tablis autrement.<\/p><p><strong><em>Un catalyseur de cr\u00e9ativit\u00e9<\/em><\/strong>. Notre bureau d\u2019\u00e9tude \u00e9labore l\u2019ensemble de nos mod\u00e8les. C\u2019est un espace o\u00f9 la cr\u00e9ativit\u00e9 n\u2019a aucune limite\u00a0: Patronages, choix des mati\u00e8res, couleurs, personnalisation des tissus,\u2026 au moyen de technologies industrielles et d\u2019une grande biblioth\u00e8que de fil, de bordures, d\u2019\u00e9lastiques, et autres accessoires.<\/p>\t\t\t\t\t\t\t\t<\/div>\n\t\t\t\t<\/div>\n\t\t\t\t<\/div>\n\t\t<div class=\"elementor-element elementor-element-2fafffb e-con-full e-flex e-con e-child\" data-id=\"2fafffb\" data-element_type=\"container\" data-e-type=\"container\">\n\t\t\t\t<div class=\"elementor-element elementor-element-567b5c7 elementor-widget elementor-widget-image\" data-id=\"567b5c7\" data-element_type=\"widget\" data-e-type=\"widget\" data-widget_type=\"image.default\">\n\t\t\t\t<div class=\"elementor-widget-container\">\n\t\t\t\t\t\t\t\t\t\t\t\t\t\t\t<img fetchpriority=\"high\" decoding=\"async\" width=\"1024\" height=\"633\" src=\"https:\/\/constant-bossi.com\/fr-fr\/wp-content\/uploads\/sites\/4\/2024\/07\/Bureau-detude.png\" class=\"attachment-large size-large wp-image-719\" alt=\"\" \/>\t\t\t\t\t\t\t\t\t\t\t\t\t\t\t<\/div>\n\t\t\t\t<\/div>\n\t\t\t\t<\/div>\n\t\t\t\t\t<\/div>\n\t\t\t\t<\/div>\n\t\t<div class=\"elementor-element elementor-element-457650d e-flex e-con-boxed e-con e-parent\" data-id=\"457650d\" data-element_type=\"container\" data-e-type=\"container\">\n\t\t\t\t\t<div class=\"e-con-inner\">\n\t\t<div class=\"elementor-element elementor-element-a2f352a e-con-full e-flex e-con e-child\" data-id=\"a2f352a\" data-element_type=\"container\" data-e-type=\"container\">\n\t\t\t\t<div class=\"elementor-element elementor-element-a378ba6 elementor-hidden-mobile elementor-widget elementor-widget-image\" data-id=\"a378ba6\" data-element_type=\"widget\" data-e-type=\"widget\" data-widget_type=\"image.default\">\n\t\t\t\t<div class=\"elementor-widget-container\">\n\t\t\t\t\t\t\t\t\t\t\t\t\t\t\t<img decoding=\"async\" src=\"https:\/\/constant-bossi.com\/fr-fr\/wp-content\/uploads\/sites\/4\/elementor\/thumbs\/RD-qt8s0gjjrnccz3v8jcyagzde974te1tnyjdhfxiug0.jpg\" title=\"R&#038;D\" alt=\"R&amp;D\" loading=\"lazy\" \/>\t\t\t\t\t\t\t\t\t\t\t\t\t\t\t<\/div>\n\t\t\t\t<\/div>\n\t\t\t\t<\/div>\n\t\t<div class=\"elementor-element elementor-element-10feff3 e-con-full e-flex e-con e-child\" data-id=\"10feff3\" data-element_type=\"container\" data-e-type=\"container\">\n\t\t\t\t<div class=\"elementor-element elementor-element-c000532 elementor-widget elementor-widget-heading\" data-id=\"c000532\" data-element_type=\"widget\" data-e-type=\"widget\" data-widget_type=\"heading.default\">\n\t\t\t\t<div class=\"elementor-widget-container\">\n\t\t\t\t\t<h2 class=\"elementor-heading-title elementor-size-default\">Patronage et mise au point<\/h2>\t\t\t\t<\/div>\n\t\t\t\t<\/div>\n\t\t\t\t<div class=\"elementor-element elementor-element-3064f7c elementor-widget elementor-widget-text-editor\" data-id=\"3064f7c\" data-element_type=\"widget\" data-e-type=\"widget\" data-widget_type=\"text-editor.default\">\n\t\t\t\t<div class=\"elementor-widget-container\">\n\t\t\t\t\t\t\t\t\t<p>Nous disposons du savoir-faire technique pour mettre au point les mod\u00e8les du prototypage \u00e0 l&rsquo;industrialisation.<\/p><p>\u00a0<\/p><p><b style=\"font-size: 15px; text-align: var(--text-align);\"><i>Embo\u00eeter le pas<\/i><\/b><span style=\"font-size: 15px; text-align: var(--text-align);\">. Un projet ? N\u2019h\u00e9sitez pas \u00e0 nous<\/span>\u00a0<a href=\"https:\/\/constant-bossi.com\/fr-fr\/contact\/\">contacter<\/a>.<\/p>\t\t\t\t\t\t\t\t<\/div>\n\t\t\t\t<\/div>\n\t\t\t\t<div class=\"elementor-element elementor-element-50bd58b elementor-hidden-desktop elementor-hidden-tablet elementor-widget elementor-widget-image\" data-id=\"50bd58b\" data-element_type=\"widget\" data-e-type=\"widget\" data-widget_type=\"image.default\">\n\t\t\t\t<div class=\"elementor-widget-container\">\n\t\t\t\t\t\t\t\t\t\t\t\t\t\t\t<img decoding=\"async\" src=\"https:\/\/constant-bossi.com\/fr-fr\/wp-content\/uploads\/sites\/4\/elementor\/thumbs\/RD-qt8s0gjjrnccz3v8jcyagzde974te1tnyjdhfxiug0.jpg\" title=\"R&#038;D\" alt=\"R&amp;D\" loading=\"lazy\" \/>\t\t\t\t\t\t\t\t\t\t\t\t\t\t\t<\/div>\n\t\t\t\t<\/div>\n\t\t\t\t<\/div>\n\t\t\t\t\t<\/div>\n\t\t\t\t<\/div>\n\t\t<div class=\"elementor-element elementor-element-207c5cd e-flex e-con-boxed e-con e-parent\" data-id=\"207c5cd\" data-element_type=\"container\" data-e-type=\"container\">\n\t\t\t\t\t<div class=\"e-con-inner\">\n\t\t<div class=\"elementor-element elementor-element-c988983 e-con-full e-flex e-con e-child\" data-id=\"c988983\" data-element_type=\"container\" data-e-type=\"container\">\n\t\t\t\t<div class=\"elementor-element elementor-element-4ab0265 elementor-widget elementor-widget-heading\" data-id=\"4ab0265\" data-element_type=\"widget\" data-e-type=\"widget\" data-widget_type=\"heading.default\">\n\t\t\t\t<div class=\"elementor-widget-container\">\n\t\t\t\t\t<h2 class=\"elementor-heading-title elementor-size-default\">TRANSFORMATION DE LA MATI\u00c8RE PREMI\u00c8RE <\/h2>\t\t\t\t<\/div>\n\t\t\t\t<\/div>\n\t\t\t\t<div class=\"elementor-element elementor-element-d21cd2a elementor-widget elementor-widget-text-editor\" data-id=\"d21cd2a\" data-element_type=\"widget\" data-e-type=\"widget\" data-widget_type=\"text-editor.default\">\n\t\t\t\t<div class=\"elementor-widget-container\">\n\t\t\t\t\t\t\t\t\t<p style=\"font-weight: 400;\"><strong><em>Laisser sa trace<\/em><\/strong>. Dot\u00e9 d\u2019imprimantes num\u00e9riques, nous sommes en capacit\u00e9 d&rsquo;imprimer n&rsquo;importe quel design sur nos propres tissus : Textures, couleurs, motifs&#8230;\u00a0 Cet outil, tr\u00e8s flexible, est non seulement gage de r\u00e9activit\u00e9 mais aussi socle d&rsquo;une cr\u00e9ativit\u00e9 illimit\u00e9e !<\/p><p><strong><em>S\u2019adapter<\/em><\/strong>. En fonction des caract\u00e9ristiques du projet, selon le segment ou \u00e0 la saisonnalit\u00e9 du produit, nous pouvons adapter la densit\u00e9 de la mati\u00e8re en complexant un textile (toile, feutre, \u2026) \u00e0 une mousse d\u2019\u00e9paisseur variable pour cr\u00e9er une doublure.<\/p><p>\u00a0<\/p>\t\t\t\t\t\t\t\t<\/div>\n\t\t\t\t<\/div>\n\t\t\t\t<\/div>\n\t\t<div class=\"elementor-element elementor-element-7a686de e-con-full e-flex e-con e-child\" data-id=\"7a686de\" data-element_type=\"container\" data-e-type=\"container\">\n\t\t\t\t<div class=\"elementor-element elementor-element-ab3f73e elementor-widget elementor-widget-image\" data-id=\"ab3f73e\" data-element_type=\"widget\" data-e-type=\"widget\" data-widget_type=\"image.default\">\n\t\t\t\t<div class=\"elementor-widget-container\">\n\t\t\t\t\t\t\t\t\t\t\t\t\t\t\t<img decoding=\"async\" src=\"https:\/\/constant-bossi.com\/fr-fr\/wp-content\/uploads\/sites\/4\/elementor\/thumbs\/IMPRESSION-qt8s0envdz9sbvxyuc51bzuh2fe2ynm7aa2ihdlmsg.jpg\" title=\"IMPRESSION\" alt=\"IMPRESSION\" loading=\"lazy\" \/>\t\t\t\t\t\t\t\t\t\t\t\t\t\t\t<\/div>\n\t\t\t\t<\/div>\n\t\t\t\t<\/div>\n\t\t\t\t\t<\/div>\n\t\t\t\t<\/div>\n\t\t<div class=\"elementor-element elementor-element-2003b56 e-flex e-con-boxed e-con e-parent\" data-id=\"2003b56\" data-element_type=\"container\" data-e-type=\"container\">\n\t\t\t\t\t<div class=\"e-con-inner\">\n\t\t<div class=\"elementor-element elementor-element-bdf5a6c e-con-full e-flex e-con e-child\" data-id=\"bdf5a6c\" data-element_type=\"container\" data-e-type=\"container\">\n\t\t\t\t<div class=\"elementor-element elementor-element-02a1b93 elementor-hidden-mobile elementor-widget elementor-widget-image\" data-id=\"02a1b93\" data-element_type=\"widget\" data-e-type=\"widget\" data-widget_type=\"image.default\">\n\t\t\t\t<div class=\"elementor-widget-container\">\n\t\t\t\t\t\t\t\t\t\t\t\t\t\t\t<img decoding=\"async\" src=\"https:\/\/constant-bossi.com\/fr-fr\/wp-content\/uploads\/sites\/4\/elementor\/thumbs\/TRANSFERT-qt8s0envdz9sbvxyuc51bzuh2fe2ynm7aa2ihdlmsg.jpg\" title=\"TRANSFERT\" alt=\"TRANSFERT\" loading=\"lazy\" \/>\t\t\t\t\t\t\t\t\t\t\t\t\t\t\t<\/div>\n\t\t\t\t<\/div>\n\t\t\t\t<\/div>\n\t\t<div class=\"elementor-element elementor-element-618495b e-con-full e-flex e-con e-child\" data-id=\"618495b\" data-element_type=\"container\" data-e-type=\"container\">\n\t\t\t\t<div class=\"elementor-element elementor-element-53ba7c6 elementor-widget elementor-widget-heading\" data-id=\"53ba7c6\" data-element_type=\"widget\" data-e-type=\"widget\" data-widget_type=\"heading.default\">\n\t\t\t\t<div class=\"elementor-widget-container\">\n\t\t\t\t\t<h2 class=\"elementor-heading-title elementor-size-default\">Marquages et transfert<\/h2>\t\t\t\t<\/div>\n\t\t\t\t<\/div>\n\t\t\t\t<div class=\"elementor-element elementor-element-38e23e1 elementor-widget elementor-widget-text-editor\" data-id=\"38e23e1\" data-element_type=\"widget\" data-e-type=\"widget\" data-widget_type=\"text-editor.default\">\n\t\t\t\t<div class=\"elementor-widget-container\">\n\t\t\t\t\t\t\t\t\t<p>Comme pour l&rsquo;impression sur textile, nous sommes capables d&rsquo;imprimer et de d\u00e9couper nos propres transferts.\u00a0<\/p><p>Nous maitrisons \u00e9galement le marquage \u00e0 chaud sur des mati\u00e8res tel que le cuir.<\/p>\t\t\t\t\t\t\t\t<\/div>\n\t\t\t\t<\/div>\n\t\t\t\t<div class=\"elementor-element elementor-element-f595e07 elementor-hidden-desktop elementor-hidden-tablet elementor-widget elementor-widget-image\" data-id=\"f595e07\" data-element_type=\"widget\" data-e-type=\"widget\" data-widget_type=\"image.default\">\n\t\t\t\t<div class=\"elementor-widget-container\">\n\t\t\t\t\t\t\t\t\t\t\t\t\t\t\t<img decoding=\"async\" src=\"https:\/\/constant-bossi.com\/fr-fr\/wp-content\/uploads\/sites\/4\/elementor\/thumbs\/TRANSFERT-qt8s0envdz9sbvxyuc51bzuh2fe2ynm7aa2ihdlmsg.jpg\" title=\"TRANSFERT\" alt=\"TRANSFERT\" loading=\"lazy\" \/>\t\t\t\t\t\t\t\t\t\t\t\t\t\t\t<\/div>\n\t\t\t\t<\/div>\n\t\t\t\t<\/div>\n\t\t\t\t\t<\/div>\n\t\t\t\t<\/div>\n\t\t<div class=\"elementor-element elementor-element-2d1ee1e e-flex e-con-boxed e-con e-parent\" data-id=\"2d1ee1e\" data-element_type=\"container\" data-e-type=\"container\">\n\t\t\t\t\t<div class=\"e-con-inner\">\n\t\t<div class=\"elementor-element elementor-element-e9fce33 e-con-full e-flex e-con e-child\" data-id=\"e9fce33\" data-element_type=\"container\" data-e-type=\"container\">\n\t\t\t\t<div class=\"elementor-element elementor-element-5439e9c elementor-widget elementor-widget-heading\" data-id=\"5439e9c\" data-element_type=\"widget\" data-e-type=\"widget\" data-widget_type=\"heading.default\">\n\t\t\t\t<div class=\"elementor-widget-container\">\n\t\t\t\t\t<h2 class=\"elementor-heading-title elementor-size-default\">Broderies personnalis\u00e9es<\/h2>\t\t\t\t<\/div>\n\t\t\t\t<\/div>\n\t\t\t\t<div class=\"elementor-element elementor-element-eacddca elementor-widget elementor-widget-text-editor\" data-id=\"eacddca\" data-element_type=\"widget\" data-e-type=\"widget\" data-widget_type=\"text-editor.default\">\n\t\t\t\t<div class=\"elementor-widget-container\">\n\t\t\t\t\t\t\t\t\t<p>Nous pouvons personnaliser les broderies avec avec diff\u00e9rents types de design et de couleurs de fil.\u00a0<\/p>\t\t\t\t\t\t\t\t<\/div>\n\t\t\t\t<\/div>\n\t\t\t\t<\/div>\n\t\t<div class=\"elementor-element elementor-element-2941ff7 e-con-full e-flex e-con e-child\" data-id=\"2941ff7\" data-element_type=\"container\" data-e-type=\"container\">\n\t\t\t\t<div class=\"elementor-element elementor-element-5dce9cb elementor-widget elementor-widget-image\" data-id=\"5dce9cb\" data-element_type=\"widget\" data-e-type=\"widget\" data-widget_type=\"image.default\">\n\t\t\t\t<div class=\"elementor-widget-container\">\n\t\t\t\t\t\t\t\t\t\t\t\t\t\t\t<img decoding=\"async\" width=\"1024\" height=\"390\" src=\"https:\/\/constant-bossi.com\/fr-fr\/wp-content\/uploads\/sites\/4\/2023\/12\/Broderie-recadre-1024x390.jpg\" class=\"attachment-large size-large wp-image-229\" alt=\"\" srcset=\"https:\/\/constant-bossi.com\/fr-fr\/wp-content\/uploads\/sites\/4\/2023\/12\/Broderie-recadre-1024x390.jpg 1024w, https:\/\/constant-bossi.com\/fr-fr\/wp-content\/uploads\/sites\/4\/2023\/12\/Broderie-recadre-300x114.jpg 300w, https:\/\/constant-bossi.com\/fr-fr\/wp-content\/uploads\/sites\/4\/2023\/12\/Broderie-recadre-768x293.jpg 768w, https:\/\/constant-bossi.com\/fr-fr\/wp-content\/uploads\/sites\/4\/2023\/12\/Broderie-recadre.jpg 1500w\" sizes=\"(max-width: 1024px) 100vw, 1024px\" \/>\t\t\t\t\t\t\t\t\t\t\t\t\t\t\t<\/div>\n\t\t\t\t<\/div>\n\t\t\t\t<\/div>\n\t\t\t\t\t<\/div>\n\t\t\t\t<\/div>\n\t\t<div class=\"elementor-element elementor-element-b640b70 e-flex e-con-boxed e-con e-parent\" data-id=\"b640b70\" data-element_type=\"container\" data-e-type=\"container\">\n\t\t\t\t\t<div class=\"e-con-inner\">\n\t\t<div class=\"elementor-element elementor-element-c65f8b9 e-con-full e-flex e-con e-child\" data-id=\"c65f8b9\" data-element_type=\"container\" data-e-type=\"container\">\n\t\t\t\t<div class=\"elementor-element elementor-element-41b4a06 elementor-hidden-mobile elementor-widget elementor-widget-image\" data-id=\"41b4a06\" data-element_type=\"widget\" data-e-type=\"widget\" data-widget_type=\"image.default\">\n\t\t\t\t<div class=\"elementor-widget-container\">\n\t\t\t\t\t\t\t\t\t\t\t\t\t\t\t<img decoding=\"async\" src=\"https:\/\/constant-bossi.com\/fr-fr\/wp-content\/uploads\/sites\/4\/elementor\/thumbs\/DECOUPE-COUTEAU-qt8s0n4f3hld8dlogxsogfpmew8dvxjsbfxvsv938g.jpg\" title=\"DECOUPE COUTEAU\" alt=\"DECOUPE COUTEAU\" loading=\"lazy\" \/>\t\t\t\t\t\t\t\t\t\t\t\t\t\t\t<\/div>\n\t\t\t\t<\/div>\n\t\t\t\t<\/div>\n\t\t<div class=\"elementor-element elementor-element-7c3673f e-con-full e-flex e-con e-child\" data-id=\"7c3673f\" data-element_type=\"container\" data-e-type=\"container\">\n\t\t\t\t<div class=\"elementor-element elementor-element-625feeb elementor-widget elementor-widget-heading\" data-id=\"625feeb\" data-element_type=\"widget\" data-e-type=\"widget\" data-widget_type=\"heading.default\">\n\t\t\t\t<div class=\"elementor-widget-container\">\n\t\t\t\t\t<h2 class=\"elementor-heading-title elementor-size-default\">D\u00e9coupe num\u00e9rique<\/h2>\t\t\t\t<\/div>\n\t\t\t\t<\/div>\n\t\t\t\t<div class=\"elementor-element elementor-element-44d40eb elementor-widget elementor-widget-text-editor\" data-id=\"44d40eb\" data-element_type=\"widget\" data-e-type=\"widget\" data-widget_type=\"text-editor.default\">\n\t\t\t\t<div class=\"elementor-widget-container\">\n\t\t\t\t\t\t\t\t\t<p>Notre d\u00e9coupe num\u00e9rique couteau nous permet de d\u00e9couper tout type de mat\u00e9riaux et notamment des mat\u00e9riaux textiles avec des motifs plac\u00e9s.<\/p>\t\t\t\t\t\t\t\t<\/div>\n\t\t\t\t<\/div>\n\t\t\t\t<div class=\"elementor-element elementor-element-29d3d22 elementor-hidden-desktop elementor-hidden-tablet elementor-widget elementor-widget-image\" data-id=\"29d3d22\" data-element_type=\"widget\" data-e-type=\"widget\" data-widget_type=\"image.default\">\n\t\t\t\t<div class=\"elementor-widget-container\">\n\t\t\t\t\t\t\t\t\t\t\t\t\t\t\t<img decoding=\"async\" src=\"https:\/\/constant-bossi.com\/fr-fr\/wp-content\/uploads\/sites\/4\/elementor\/thumbs\/DECOUPE-COUTEAU-qt8s0n4f3hld8dlogxsogfpmew8dvxjsbfxvsv938g.jpg\" title=\"DECOUPE COUTEAU\" alt=\"DECOUPE COUTEAU\" loading=\"lazy\" \/>\t\t\t\t\t\t\t\t\t\t\t\t\t\t\t<\/div>\n\t\t\t\t<\/div>\n\t\t\t\t<\/div>\n\t\t\t\t\t<\/div>\n\t\t\t\t<\/div>\n\t\t<div class=\"elementor-element elementor-element-9aa816c e-flex e-con-boxed e-con e-parent\" data-id=\"9aa816c\" data-element_type=\"container\" data-e-type=\"container\">\n\t\t\t\t\t<div class=\"e-con-inner\">\n\t\t<div class=\"elementor-element elementor-element-186d639 e-con-full e-flex e-con e-child\" data-id=\"186d639\" data-element_type=\"container\" data-e-type=\"container\">\n\t\t\t\t<div class=\"elementor-element elementor-element-0d0d91e elementor-widget elementor-widget-heading\" data-id=\"0d0d91e\" data-element_type=\"widget\" data-e-type=\"widget\" data-widget_type=\"heading.default\">\n\t\t\t\t<div class=\"elementor-widget-container\">\n\t\t\t\t\t<h2 class=\"elementor-heading-title elementor-size-default\">Piq\u00fbre<\/h2>\t\t\t\t<\/div>\n\t\t\t\t<\/div>\n\t\t\t\t<div class=\"elementor-element elementor-element-2a53325 elementor-widget elementor-widget-text-editor\" data-id=\"2a53325\" data-element_type=\"widget\" data-e-type=\"widget\" data-widget_type=\"text-editor.default\">\n\t\t\t\t<div class=\"elementor-widget-container\">\n\t\t\t\t\t\t\t\t\t<p>L&rsquo;ensemble des paires de chaussons et chaussures commercialis\u00e9es par Constant BOSSI sont piqu\u00e9es dans notre atelier de Dordogne.<\/p><p>Un savoir-faire rare que nos avons voulu conserv\u00e9 durant toutes ces ann\u00e9es d&rsquo;activit\u00e9.<\/p><p>Nous maitrisons ainsi les op\u00e9rations de piq\u00fbre \u00e0 plat, bordure, strobel, etc.<\/p>\t\t\t\t\t\t\t\t<\/div>\n\t\t\t\t<\/div>\n\t\t\t\t<\/div>\n\t\t<div class=\"elementor-element elementor-element-336f94a e-con-full e-flex e-con e-child\" data-id=\"336f94a\" data-element_type=\"container\" data-e-type=\"container\">\n\t\t\t\t<div class=\"elementor-element elementor-element-e70ec69 elementor-widget elementor-widget-image\" data-id=\"e70ec69\" data-element_type=\"widget\" data-e-type=\"widget\" data-widget_type=\"image.default\">\n\t\t\t\t<div class=\"elementor-widget-container\">\n\t\t\t\t\t\t\t\t\t\t\t\t\t\t\t<img decoding=\"async\" src=\"https:\/\/constant-bossi.com\/fr-fr\/wp-content\/uploads\/sites\/4\/elementor\/thumbs\/atelier-piqure-Constant-BOSSI-2-qt8s1edqlomol2i31rkuyqtzn2i135k036uypw4o80.jpg\" title=\"atelier piqure Constant BOSSI (2)\" alt=\"atelier piqure Constant BOSSI (2)\" loading=\"lazy\" \/>\t\t\t\t\t\t\t\t\t\t\t\t\t\t\t<\/div>\n\t\t\t\t<\/div>\n\t\t\t\t<\/div>\n\t\t\t\t\t<\/div>\n\t\t\t\t<\/div>\n\t\t<div class=\"elementor-element elementor-element-27d49ff e-flex e-con-boxed e-con e-parent\" data-id=\"27d49ff\" data-element_type=\"container\" data-e-type=\"container\">\n\t\t\t\t\t<div class=\"e-con-inner\">\n\t\t<div class=\"elementor-element elementor-element-ee10fab e-con-full e-flex e-con e-child\" data-id=\"ee10fab\" data-element_type=\"container\" data-e-type=\"container\">\n\t\t\t\t<div class=\"elementor-element elementor-element-0eaf998 elementor-hidden-mobile elementor-widget elementor-widget-image\" data-id=\"0eaf998\" data-element_type=\"widget\" data-e-type=\"widget\" data-widget_type=\"image.default\">\n\t\t\t\t<div class=\"elementor-widget-container\">\n\t\t\t\t\t\t\t\t\t\t\t\t\t\t\t<img decoding=\"async\" src=\"https:\/\/constant-bossi.com\/fr-fr\/wp-content\/uploads\/sites\/4\/elementor\/thumbs\/Semelle-recadre-qt8s10a5r63dqx2kc3hgfce2qafivp01192oiqpktc.jpg\" title=\"Semelle-recadr\u00e9\" alt=\"Semelle-recadr\u00e9\" loading=\"lazy\" \/>\t\t\t\t\t\t\t\t\t\t\t\t\t\t\t<\/div>\n\t\t\t\t<\/div>\n\t\t\t\t<\/div>\n\t\t<div class=\"elementor-element elementor-element-903a24e e-con-full e-flex e-con e-child\" data-id=\"903a24e\" data-element_type=\"container\" data-e-type=\"container\">\n\t\t\t\t<div class=\"elementor-element elementor-element-3eb7994 elementor-widget elementor-widget-heading\" data-id=\"3eb7994\" data-element_type=\"widget\" data-e-type=\"widget\" data-widget_type=\"heading.default\">\n\t\t\t\t<div class=\"elementor-widget-container\">\n\t\t\t\t\t<h2 class=\"elementor-heading-title elementor-size-default\">LA PR\u00c9CISION DES GESTES <\/h2>\t\t\t\t<\/div>\n\t\t\t\t<\/div>\n\t\t\t\t<div class=\"elementor-element elementor-element-2e0c7f0 elementor-widget elementor-widget-text-editor\" data-id=\"2e0c7f0\" data-element_type=\"widget\" data-e-type=\"widget\" data-widget_type=\"text-editor.default\">\n\t\t\t\t<div class=\"elementor-widget-container\">\n\t\t\t\t\t\t\t\t\t<p>Elle se vit \u00e0 chaque \u00e9tape du processus de fabrication. La pose de la semelle et les finitions sont \u00e9galement r\u00e9alis\u00e9s dans notre atelier. Nous sommes sp\u00e9cialis\u00e9s la semelle inject\u00e9e sur tige et nous pouvons \u00e9galement \u00e9tudier des projets de soud\u00e9.<\/p><p>Ces derni\u00e8res \u00e9tapes nous permettent de g\u00e9rer l\u2019ensemble du processus de production et d\u2019aboutir \u00e0 un produit fini conforme aux exigences et ma\u00eetris\u00e9 (en termes de co\u00fbts, de temps et de qualit\u00e9). <\/p>\t\t\t\t\t\t\t\t<\/div>\n\t\t\t\t<\/div>\n\t\t\t\t<div class=\"elementor-element elementor-element-359724c elementor-hidden-desktop elementor-hidden-tablet elementor-widget elementor-widget-image\" data-id=\"359724c\" data-element_type=\"widget\" data-e-type=\"widget\" data-widget_type=\"image.default\">\n\t\t\t\t<div class=\"elementor-widget-container\">\n\t\t\t\t\t\t\t\t\t\t\t\t\t\t\t<img decoding=\"async\" src=\"https:\/\/constant-bossi.com\/fr-fr\/wp-content\/uploads\/sites\/4\/elementor\/thumbs\/Semelle-recadre-qt8s10a5r63dqx2kc3hgfce2qafivp01192oiqpktc.jpg\" title=\"Semelle-recadr\u00e9\" alt=\"Semelle-recadr\u00e9\" loading=\"lazy\" \/>\t\t\t\t\t\t\t\t\t\t\t\t\t\t\t<\/div>\n\t\t\t\t<\/div>\n\t\t\t\t<\/div>\n\t\t\t\t\t<\/div>\n\t\t\t\t<\/div>\n\t\t<div class=\"elementor-element elementor-element-fa84d83 e-flex e-con-boxed e-con e-parent\" data-id=\"fa84d83\" data-element_type=\"container\" data-e-type=\"container\" data-settings=\"{&quot;background_background&quot;:&quot;classic&quot;}\">\n\t\t\t\t\t<div class=\"e-con-inner\">\n\t\t\t\t<div class=\"elementor-element elementor-element-aa23d99 elementor-widget elementor-widget-heading\" data-id=\"aa23d99\" data-element_type=\"widget\" data-e-type=\"widget\" data-widget_type=\"heading.default\">\n\t\t\t\t<div class=\"elementor-widget-container\">\n\t\t\t\t\t<h2 class=\"elementor-heading-title elementor-size-default\">Un projet ? Une demande ?<\/h2>\t\t\t\t<\/div>\n\t\t\t\t<\/div>\n\t\t\t\t<div class=\"elementor-element elementor-element-c3d2912 elementor-align-center elementor-widget elementor-widget-button\" data-id=\"c3d2912\" data-element_type=\"widget\" data-e-type=\"widget\" data-widget_type=\"button.default\">\n\t\t\t\t<div class=\"elementor-widget-container\">\n\t\t\t\t\t\t\t\t\t<div class=\"elementor-button-wrapper\">\n\t\t\t\t\t<a class=\"elementor-button elementor-button-link elementor-size-sm\" href=\"https:\/\/constant-bossi.com\/fr-fr\/contact\/\">\n\t\t\t\t\t\t<span class=\"elementor-button-content-wrapper\">\n\t\t\t\t\t\t\t\t\t<span class=\"elementor-button-text\">Contactez-nous<\/span>\n\t\t\t\t\t<\/span>\n\t\t\t\t\t<\/a>\n\t\t\t\t<\/div>\n\t\t\t\t\t\t\t\t<\/div>\n\t\t\t\t<\/div>\n\t\t\t\t\t<\/div>\n\t\t\t\t<\/div>\n\t\t\t\t<\/div>\n\t\t","protected":false},"excerpt":{"rendered":"<p>Nos savoir-faire D\u00e9couvrez les coulisses du Made in France avec nos \u00e9quipes et notre atelier CR\u00c9ATION ET D\u00c9VELOPPEMENT En mouvement. L\u2019atelier est compos\u00e9 d\u2019une \u00e9quipe de passionn\u00e9s, o\u00f9 collaborent des cr\u00e9atifs, des experts, des techniciens et des orf\u00e8vres de la piq\u00fbre. Plus qu\u2019une manufacture, c\u2019est un incubateur o\u00f9 le croisement \u00a0des id\u00e9es fait na\u00eetre des [&hellip;]<\/p>\n","protected":false},"author":2,"featured_media":0,"parent":0,"menu_order":0,"comment_status":"closed","ping_status":"closed","template":"","meta":{"_trash_the_other_posts":false,"editor_notices":[],"footnotes":""},"class_list":["post-39","page","type-page","status-publish","hentry","entry"],"_links":{"self":[{"href":"https:\/\/constant-bossi.com\/fr-fr\/wp-json\/wp\/v2\/pages\/39","targetHints":{"allow":["GET"]}}],"collection":[{"href":"https:\/\/constant-bossi.com\/fr-fr\/wp-json\/wp\/v2\/pages"}],"about":[{"href":"https:\/\/constant-bossi.com\/fr-fr\/wp-json\/wp\/v2\/types\/page"}],"author":[{"embeddable":true,"href":"https:\/\/constant-bossi.com\/fr-fr\/wp-json\/wp\/v2\/users\/2"}],"replies":[{"embeddable":true,"href":"https:\/\/constant-bossi.com\/fr-fr\/wp-json\/wp\/v2\/comments?post=39"}],"version-history":[{"count":49,"href":"https:\/\/constant-bossi.com\/fr-fr\/wp-json\/wp\/v2\/pages\/39\/revisions"}],"predecessor-version":[{"id":1626,"href":"https:\/\/constant-bossi.com\/fr-fr\/wp-json\/wp\/v2\/pages\/39\/revisions\/1626"}],"wp:attachment":[{"href":"https:\/\/constant-bossi.com\/fr-fr\/wp-json\/wp\/v2\/media?parent=39"}],"curies":[{"name":"wp","href":"https:\/\/api.w.org\/{rel}","templated":true}]}}