{"id":278,"date":"2023-12-19T17:33:53","date_gmt":"2023-12-19T16:33:53","guid":{"rendered":"https:\/\/constant-bossi.com\/fr-fr\/?page_id=278"},"modified":"2024-05-07T15:41:11","modified_gmt":"2024-05-07T13:41:11","slug":"mentions-legales","status":"publish","type":"page","link":"https:\/\/constant-bossi.com\/fr-fr\/mentions-legales\/","title":{"rendered":"Mentions L\u00e9gales"},"content":{"rendered":"\t\t<div data-elementor-type=\"wp-page\" data-elementor-id=\"278\" class=\"elementor elementor-278\" data-elementor-post-type=\"page\">\n\t\t\t\t<div class=\"elementor-element elementor-element-caabbb3 e-con-full e-flex e-con e-parent\" data-id=\"caabbb3\" data-element_type=\"container\" data-e-type=\"container\" data-settings=\"{&quot;background_background&quot;:&quot;classic&quot;}\">\n\t\t\t\t<div class=\"elementor-element elementor-element-d41760e elementor-widget elementor-widget-heading\" data-id=\"d41760e\" data-element_type=\"widget\" data-e-type=\"widget\" data-widget_type=\"heading.default\">\n\t\t\t\t<div class=\"elementor-widget-container\">\n\t\t\t\t\t<h1 class=\"elementor-heading-title elementor-size-default\">Mentions l\u00e9gales<\/h1>\t\t\t\t<\/div>\n\t\t\t\t<\/div>\n\t\t\t\t<\/div>\n\t\t<div class=\"elementor-element elementor-element-a9dcc1a e-flex e-con-boxed e-con e-parent\" data-id=\"a9dcc1a\" data-element_type=\"container\" data-e-type=\"container\">\n\t\t\t\t\t<div class=\"e-con-inner\">\n\t\t\t\t<div class=\"elementor-element elementor-element-3649e86 elementor-widget elementor-widget-text-editor\" data-id=\"3649e86\" data-element_type=\"widget\" data-e-type=\"widget\" data-widget_type=\"text-editor.default\">\n\t\t\t\t<div class=\"elementor-widget-container\">\n\t\t\t\t\t\t\t\t\t<div class=\"vc_row wpb_row vc_row-fluid dt-default\"><div class=\"wpb_column vc_column_container vc_col-sm-9\"><div class=\"vc_column-inner\"><div class=\"wpb_wrapper\"><div class=\"wpb_text_column wpb_content_element \"><div class=\"wpb_wrapper\"><p>www.constant-bossi.com est le site Internet officiel de Constant Bossi. En vous connectant sur ce site, vous acceptez les pr\u00e9sentes modalit\u00e9s des mentions l\u00e9gales.<\/p><p>SAS CONSTANT BOSSI<br \/>Siret : 30055890500018<br \/>N\u00b0 de TVA Intracommunautaire : FR35 300 558 905<\/p><p><strong>Contact :<\/strong><br \/>SAS Constant Bossi<br \/>82 route de la Gane \u2013 24490 La Roche Chalais<br \/>T\u00e9l. : 05 53 91 47 45 \u2013 Fax : 05 53 91 33 15<\/p><\/div><\/div><\/div><\/div><\/div><\/div><div class=\"vc_row wpb_row vc_row-fluid dt-default\"><div class=\"wpb_column vc_column_container vc_col-sm-4\"><div class=\"vc_column-inner\"><div class=\"wpb_wrapper\"><div class=\"vc_empty_space\">\u00a0<\/div><div class=\"wpb_text_column wpb_content_element \"><div class=\"wpb_wrapper\"><p><strong>Conception et R\u00e9alisation :<\/strong><\/p><p>Cr\u00e9ation interne avec l\u2019aide de la soci\u00e9t\u00e9 IoT\u2019era.<br \/>41 rue Guynemer<br \/>Immeuble Cam\u00e9l\u00e9on<br \/>33320 EYSINES<br \/><a href=\"https:\/\/www.iotera.fr\/\" target=\"_blank\" rel=\"noopener\">https:\/\/www.iotera.fr\/<\/a><\/p><\/div><\/div><\/div><\/div><\/div><div class=\"wpb_column vc_column_container vc_col-sm-4\"><div class=\"vc_column-inner\"><div class=\"wpb_wrapper\"><div class=\"vc_empty_space\">\u00a0<\/div><div class=\"wpb_text_column wpb_content_element \"><div class=\"wpb_wrapper\"><p><strong>H\u00e9bergeur :<\/strong><\/p><p>Soci\u00e9t\u00e9 IoT\u2019era.<\/p><\/div><\/div><\/div><\/div><\/div><\/div><div class=\"vc_row wpb_row vc_row-fluid dt-default\"><div class=\"wpb_column vc_column_container vc_col-sm-12\"><div class=\"vc_column-inner\"><div class=\"wpb_wrapper\"><div class=\"wpb_text_column wpb_content_element \"><div class=\"wpb_wrapper\"><div class=\"vc_row wpb_row vc_row-fluid dt-default\"><div class=\"wpb_column vc_column_container vc_col-sm-12\"><div class=\"vc_column-inner \"><div class=\"wpb_wrapper\"><div class=\"wpb_text_column wpb_content_element \"><div class=\"wpb_wrapper\"><p><strong>Le site :<\/strong><\/p><p>www.constant-bossi.com est la propri\u00e9t\u00e9 de Constant Bossi.<\/p><p><strong>Droits de propri\u00e9t\u00e9 intellectuelle et droits d\u2019auteur :<\/strong><br \/>Les informations, pictogrammes, photographies, images, textes, s\u00e9quences, vid\u00e9os, anim\u00e9es, sonores ou non, et d\u2019autres documents pr\u00e9sents sur ce site Internet, sont prot\u00e9g\u00e9s par la l\u00e9gislation fran\u00e7aise et internationale sur le droit d\u2019auteur et la propri\u00e9t\u00e9 intellectuelle. A ce titre, toute reproduction, repr\u00e9sentation, adaptation ou modification, partielle ou int\u00e9grale, ou tout transfert sur un autre site sont interdits.<br \/>Toute reproduction partielle ou totale \u00e0 usage collectif est strictement interdite sans autorisation de Constant Bossi (loi du 11 mars 1957, art.41, et Code de la propri\u00e9t\u00e9 intellectuelle du 1er juillet 1992). La copie sur support papier \u00e0 usage priv\u00e9 de ces diff\u00e9rents objets de droits est autoris\u00e9e (art.L122-5 du Code de la Propri\u00e9t\u00e9 Intellectuelle).<br \/>Les logos, visuels et marques pr\u00e9sentes sur ce site sont la propri\u00e9t\u00e9 de leur d\u00e9tenteur respectif. En cons\u00e9quence, toute utilisation des produits y compris le site Internet de Constant Bossi ne peut \u00eatre faite que moyennant l\u2019autorisation \u00e9crite de Constant Bossi dont celui-ci est le seul juge. Les bases de donn\u00e9es figurant sur ce site Internet sont prot\u00e9g\u00e9es par les dispositions de la loi du 11 juillet 1998 portant transposition dans le Code de la Propri\u00e9t\u00e9 Intellectuelle de la directive europ\u00e9enne du 11 mars 1996 relative \u00e0 la protection juridique des bases de donn\u00e9es (et notamment l\u2019interdiction d\u2019extraire, de r\u00e9utiliser, partiellement ou totalement, le contenu des bases de donn\u00e9es de bossi-france.fr).<\/p><p><strong>Protection de donn\u00e9es personnelles :<\/strong><br \/>Les donn\u00e9es personnelles recueillies sur ce site r\u00e9sultent de la communication volontaire d\u2019une adresse de courrier \u00e9lectronique lors du d\u00e9p\u00f4t d\u2019un message \u00e9lectronique. Les donn\u00e9es ainsi recueillies ne servent qu\u2019\u00e0 transmettre les \u00e9l\u00e9ments d\u2019informations demand\u00e9s et n\u2019ont pour seul destinataire que Constant Bossi aupr\u00e8s duquel peuvent s\u2019exercer les droits d\u2019acc\u00e8s et de rectification, conform\u00e9ment aux articles 27 et 34 de la loi n\u00b078-17 du 6 janvier 1978 relative \u00e0 l\u2019informatique, aux fichiers et aux libert\u00e9s. Pour l\u2019exercer, adresser votre demande \u00e9crite aupr\u00e8s de Constant Bossi. En vertu de la loi n\u00b02000-719 du 1er ao\u00fbt 2000, les coordonn\u00e9es d\u00e9clar\u00e9es par l\u2019utilisateur pourront \u00eatre communiqu\u00e9es sur r\u00e9quisition des autorit\u00e9s judiciaires.<br \/>Les donn\u00e9es recueillies dans ce cadre ne pourront \u00eatre c\u00e9d\u00e9es \u00e0 des tiers ou communiqu\u00e9es \u00e0 des fins non pr\u00e9vues.<\/p><p><strong>Liens hypertextes vers d\u2019autres sites Internet :<\/strong><br \/>Les liens hypertextes pr\u00e9sents sur le site Internet sont propos\u00e9s uniquement dans le but d\u2019apporter l\u2019information la plus compl\u00e8te possible \u00e0 l\u2019internaute ; ni leur contenu, ni les liens qu\u2019ils contiennent, ni les changements ou ni les mises \u00e0 jours qui leur sont apport\u00e9s ne sauraient engager la responsabilit\u00e9 de Constant Bossi.<br \/>L\u2019acc\u00e8s \u00e0 des sites externes reli\u00e9s \u00e0 ce site rel\u00e8ve de votre enti\u00e8re responsabilit\u00e9.<\/p><p><strong>Responsabilit\u00e9 :<\/strong><br \/>Constant Bossi ne peut garantir l\u2019exactitude, la pr\u00e9cision ou l\u2019exhaustivit\u00e9 des informations mises \u00e0 votre disposition sur le site. Constant Bossi d\u00e9cline par cons\u00e9quent toute responsabilit\u00e9 pour toute impr\u00e9cision, inexactitude ou omission portant sur des informations disponibles sur ce site.<\/p><p><strong>Modification :<\/strong><br \/>Constant Bossi se r\u00e9serve le droit de modifier ou de corriger le contenu de ce site \u00e0 tout moment et sans pr\u00e9avis, sans que cela puisse donner lieu \u00e0 un quelconque droit \u00e0 d\u00e9dommagement.<\/p><p><strong>Formulaire de contact :<\/strong><br \/>Les informations recueillies aupr\u00e8s des personnes par le biais du formulaire de contact sont conformes \u00e0 la Loi Informatique et Libert\u00e9s. Vos r\u00e9ponses sont facultatives et le d\u00e9faut de r\u00e9ponse n\u2019entra\u00eene aucune cons\u00e9quence particuli\u00e8re. N\u00e9anmoins, vos r\u00e9ponses doivent \u00eatre suffisantes pour nous permettre de traiter l\u2019information.<\/p><\/div><\/div><\/div><\/div><\/div><\/div><\/div><\/div><\/div><\/div><\/div><\/div>\t\t\t\t\t\t\t\t<\/div>\n\t\t\t\t<\/div>\n\t\t\t\t\t<\/div>\n\t\t\t\t<\/div>\n\t\t\t\t<\/div>\n\t\t","protected":false},"excerpt":{"rendered":"<p>Mentions l\u00e9gales www.constant-bossi.com est le site Internet officiel de Constant Bossi. En vous connectant sur ce site, vous acceptez les pr\u00e9sentes modalit\u00e9s des mentions l\u00e9gales. SAS CONSTANT BOSSISiret : 30055890500018N\u00b0 de TVA Intracommunautaire : FR35 300 558 905 Contact :SAS Constant Bossi82 route de la Gane \u2013 24490 La Roche ChalaisT\u00e9l. : 05 53 91 [&hellip;]<\/p>\n","protected":false},"author":2,"featured_media":0,"parent":0,"menu_order":0,"comment_status":"closed","ping_status":"closed","template":"","meta":{"_trash_the_other_posts":false,"editor_notices":[],"footnotes":""},"class_list":["post-278","page","type-page","status-publish","hentry","entry"],"_links":{"self":[{"href":"https:\/\/constant-bossi.com\/fr-fr\/wp-json\/wp\/v2\/pages\/278","targetHints":{"allow":["GET"]}}],"collection":[{"href":"https:\/\/constant-bossi.com\/fr-fr\/wp-json\/wp\/v2\/pages"}],"about":[{"href":"https:\/\/constant-bossi.com\/fr-fr\/wp-json\/wp\/v2\/types\/page"}],"author":[{"embeddable":true,"href":"https:\/\/constant-bossi.com\/fr-fr\/wp-json\/wp\/v2\/users\/2"}],"replies":[{"embeddable":true,"href":"https:\/\/constant-bossi.com\/fr-fr\/wp-json\/wp\/v2\/comments?post=278"}],"version-history":[{"count":21,"href":"https:\/\/constant-bossi.com\/fr-fr\/wp-json\/wp\/v2\/pages\/278\/revisions"}],"predecessor-version":[{"id":578,"href":"https:\/\/constant-bossi.com\/fr-fr\/wp-json\/wp\/v2\/pages\/278\/revisions\/578"}],"wp:attachment":[{"href":"https:\/\/constant-bossi.com\/fr-fr\/wp-json\/wp\/v2\/media?parent=278"}],"curies":[{"name":"wp","href":"https:\/\/api.w.org\/{rel}","templated":true}]}}