{"id":1237,"date":"2024-07-18T09:47:20","date_gmt":"2024-07-18T07:47:20","guid":{"rendered":"https:\/\/constant-bossi.com\/fr-fr\/?page_id=1237"},"modified":"2024-09-27T13:36:20","modified_gmt":"2024-09-27T11:36:20","slug":"chaussures-univers-bebe-enfant","status":"publish","type":"page","link":"https:\/\/constant-bossi.com\/fr-fr\/produits\/chaussures-univers-bebe-enfant\/","title":{"rendered":"Chaussures univers b\u00e9b\u00e9-enfant"},"content":{"rendered":"\t\t<div data-elementor-type=\"wp-page\" data-elementor-id=\"1237\" class=\"elementor elementor-1237\" data-elementor-post-type=\"page\">\n\t\t\t\t<div class=\"elementor-element elementor-element-4688089 e-flex e-con-boxed e-con e-parent\" data-id=\"4688089\" data-element_type=\"container\" data-e-type=\"container\">\n\t\t\t\t\t<div class=\"e-con-inner\">\n\t\t\t\t<div class=\"elementor-element elementor-element-f5c1b9c elementor-widget elementor-widget-heading\" data-id=\"f5c1b9c\" data-element_type=\"widget\" data-e-type=\"widget\" data-widget_type=\"heading.default\">\n\t\t\t\t<div class=\"elementor-widget-container\">\n\t\t\t\t\t<h3 class=\"elementor-heading-title elementor-size-default\">Voir \u00e9galement ...<\/h3>\t\t\t\t<\/div>\n\t\t\t\t<\/div>\n\t\t<div class=\"elementor-element elementor-element-05e2775 e-grid e-con-full e-con e-child\" data-id=\"05e2775\" data-element_type=\"container\" data-e-type=\"container\">\n\t\t\t\t<div class=\"elementor-element elementor-element-cccee78 elementor-cta--skin-cover elementor-animated-content elementor-bg-transform elementor-bg-transform-zoom-in elementor-widget elementor-widget-call-to-action\" data-id=\"cccee78\" data-element_type=\"widget\" data-e-type=\"widget\" data-widget_type=\"call-to-action.default\">\n\t\t\t\t<div class=\"elementor-widget-container\">\n\t\t\t\t\t\t\t<div class=\"elementor-cta\">\n\t\t\t\t\t<div class=\"elementor-cta__bg-wrapper\">\n\t\t\t\t<div class=\"elementor-cta__bg elementor-bg\" style=\"background-image: url(https:\/\/constant-bossi.com\/fr-fr\/wp-content\/uploads\/sites\/4\/2024\/07\/Univers-Homme-Femme-300x200.jpg);\" role=\"img\" aria-label=\"Univers Homme - Femme\"><\/div>\n\t\t\t\t<div class=\"elementor-cta__bg-overlay\"><\/div>\n\t\t\t<\/div>\n\t\t\t\t\t\t\t<div class=\"elementor-cta__content\">\n\t\t\t\t\n\t\t\t\t\n\t\t\t\t\n\t\t\t\t\t\t\t\t\t<div class=\"elementor-cta__button-wrapper elementor-cta__content-item elementor-content-item elementor-animated-item--grow\">\n\t\t\t\t\t<a class=\"elementor-cta__button elementor-button elementor-size-\" href=\"https:\/\/constant-bossi.com\/fr-fr\/chaussons-univers-homme-femme\/\">\n\t\t\t\t\t\tNOS CHAUSSONS HOMME - FEMME\t\t\t\t\t<\/a>\n\t\t\t\t\t<\/div>\n\t\t\t\t\t\t\t<\/div>\n\t\t\t\t\t\t<\/div>\n\t\t\t\t\t\t<\/div>\n\t\t\t\t<\/div>\n\t\t\t\t<div class=\"elementor-element elementor-element-02f0d0e elementor-cta--skin-cover elementor-cta--valign-middle elementor-animated-content elementor-bg-transform elementor-bg-transform-zoom-in elementor-widget elementor-widget-call-to-action\" data-id=\"02f0d0e\" data-element_type=\"widget\" data-e-type=\"widget\" data-widget_type=\"call-to-action.default\">\n\t\t\t\t<div class=\"elementor-widget-container\">\n\t\t\t\t\t\t\t<div class=\"elementor-cta\">\n\t\t\t\t\t<div class=\"elementor-cta__bg-wrapper\">\n\t\t\t\t<div class=\"elementor-cta__bg elementor-bg\" style=\"background-image: url(https:\/\/constant-bossi.com\/fr-fr\/wp-content\/uploads\/sites\/4\/2024\/07\/baby-slippers-Bossi-300x300.jpg);\" role=\"img\" aria-label=\"baby-slippers-Bossi.jpg\"><\/div>\n\t\t\t\t<div class=\"elementor-cta__bg-overlay\"><\/div>\n\t\t\t<\/div>\n\t\t\t\t\t\t\t<div class=\"elementor-cta__content\">\n\t\t\t\t\n\t\t\t\t\n\t\t\t\t\n\t\t\t\t\t\t\t\t\t<div class=\"elementor-cta__button-wrapper elementor-cta__content-item elementor-content-item elementor-animated-item--grow\">\n\t\t\t\t\t<a class=\"elementor-cta__button elementor-button elementor-size-\" href=\"https:\/\/constant-bossi.com\/fr-fr\/chaussons-univers-bebe-enfant\/\">\n\t\t\t\t\t\tNOS CHAUSSONS ENFANT\t\t\t\t\t<\/a>\n\t\t\t\t\t<\/div>\n\t\t\t\t\t\t\t<\/div>\n\t\t\t\t\t\t<\/div>\n\t\t\t\t\t\t<\/div>\n\t\t\t\t<\/div>\n\t\t\t\t<\/div>\n\t\t\t\t\t<\/div>\n\t\t\t\t<\/div>\n\t\t<div class=\"elementor-element elementor-element-83e2ca9 e-flex e-con-boxed e-con e-parent\" data-id=\"83e2ca9\" data-element_type=\"container\" data-e-type=\"container\">\n\t\t\t\t\t<div class=\"e-con-inner\">\n\t\t\t\t<div class=\"elementor-element elementor-element-d36c745 elementor-widget elementor-widget-heading\" data-id=\"d36c745\" data-element_type=\"widget\" data-e-type=\"widget\" data-widget_type=\"heading.default\">\n\t\t\t\t<div class=\"elementor-widget-container\">\n\t\t\t\t\t<h2 class=\"elementor-heading-title elementor-size-default\">Univers <br>b\u00e9b\u00e9 - enfant<\/h2>\t\t\t\t<\/div>\n\t\t\t\t<\/div>\n\t\t\t\t<div class=\"elementor-element elementor-element-6610906 elementor-widget elementor-widget-heading\" data-id=\"6610906\" data-element_type=\"widget\" data-e-type=\"widget\" data-widget_type=\"heading.default\">\n\t\t\t\t<div class=\"elementor-widget-container\">\n\t\t\t\t\t<h3 class=\"elementor-heading-title elementor-size-default\">Mod\u00e8les Fille et Gar\u00e7on du 19 au 30<\/h3>\t\t\t\t<\/div>\n\t\t\t\t<\/div>\n\t\t\t\t\t<\/div>\n\t\t\t\t<\/div>\n\t\t<div class=\"elementor-element elementor-element-675927a e-grid e-con-boxed e-con e-parent\" data-id=\"675927a\" data-element_type=\"container\" data-e-type=\"container\">\n\t\t\t\t\t<div class=\"e-con-inner\">\n\t\t\t\t<div class=\"elementor-element elementor-element-7e896d9 elementor-widget elementor-widget-image\" data-id=\"7e896d9\" data-element_type=\"widget\" data-e-type=\"widget\" data-widget_type=\"image.default\">\n\t\t\t\t<div class=\"elementor-widget-container\">\n\t\t\t\t\t\t\t\t\t\t\t\t\t\t\t<img decoding=\"async\" src=\"https:\/\/constant-bossi.com\/fr-fr\/wp-content\/uploads\/sites\/4\/elementor\/thumbs\/BROUSSE-2-scaled-qrcehbjv54drv9ci7y7rrgzup78ymcchgohrun82gg.jpg\" title=\"BROUSSE (2)\" alt=\"BROUSSE (2)\" loading=\"lazy\" \/>\t\t\t\t\t\t\t\t\t\t\t\t\t\t\t<\/div>\n\t\t\t\t<\/div>\n\t\t\t\t<div class=\"elementor-element elementor-element-cb0727a elementor-widget elementor-widget-image\" data-id=\"cb0727a\" data-element_type=\"widget\" data-e-type=\"widget\" data-widget_type=\"image.default\">\n\t\t\t\t<div class=\"elementor-widget-container\">\n\t\t\t\t\t\t\t\t\t\t\t\t\t\t\t<img decoding=\"async\" src=\"https:\/\/constant-bossi.com\/fr-fr\/wp-content\/uploads\/sites\/4\/elementor\/thumbs\/chaussure-enfant-bossi-qrceiofh0i8omzdiajcdd4ntl8k1qlqizef0t17lgw.jpg\" title=\"chaussure enfant bossi\" alt=\"chaussure enfant bossi\" loading=\"lazy\" \/>\t\t\t\t\t\t\t\t\t\t\t\t\t\t\t<\/div>\n\t\t\t\t<\/div>\n\t\t\t\t<div class=\"elementor-element elementor-element-c00180e elementor-widget elementor-widget-image\" data-id=\"c00180e\" data-element_type=\"widget\" data-e-type=\"widget\" data-widget_type=\"image.default\">\n\t\t\t\t<div class=\"elementor-widget-container\">\n\t\t\t\t\t\t\t\t\t\t\t\t\t\t\t<img decoding=\"async\" src=\"https:\/\/constant-bossi.com\/fr-fr\/wp-content\/uploads\/sites\/4\/elementor\/thumbs\/BROUSSE-1-scaled-qrceh7sids8mkthytwl9hhy0bnrhrjxk45vtxjdn5c.jpg\" title=\"BROUSSE (1)\" alt=\"BROUSSE (1)\" loading=\"lazy\" \/>\t\t\t\t\t\t\t\t\t\t\t\t\t\t\t<\/div>\n\t\t\t\t<\/div>\n\t\t\t\t<div class=\"elementor-element elementor-element-679e1cd elementor-widget elementor-widget-image\" data-id=\"679e1cd\" data-element_type=\"widget\" data-e-type=\"widget\" data-widget_type=\"image.default\">\n\t\t\t\t<div class=\"elementor-widget-container\">\n\t\t\t\t\t\t\t\t\t\t\t\t\t\t\t<img decoding=\"async\" src=\"https:\/\/constant-bossi.com\/fr-fr\/wp-content\/uploads\/sites\/4\/elementor\/thumbs\/Toile-enfant-BOSSI-10-e1721296758247-qrcehlw38arxeyxhjkoo0wdx8ftzz0hj63o44osqk0.jpg\" title=\"Toile-enfant-BOSSI-10\" alt=\"Toile-enfant-BOSSI-10\" loading=\"lazy\" \/>\t\t\t\t\t\t\t\t\t\t\t\t\t\t\t<\/div>\n\t\t\t\t<\/div>\n\t\t\t\t<div class=\"elementor-element elementor-element-1efe9b7 elementor-widget elementor-widget-image\" data-id=\"1efe9b7\" data-element_type=\"widget\" data-e-type=\"widget\" data-widget_type=\"image.default\">\n\t\t\t\t<div class=\"elementor-widget-container\">\n\t\t\t\t\t\t\t\t\t\t\t\t\t\t\t<img decoding=\"async\" src=\"https:\/\/constant-bossi.com\/fr-fr\/wp-content\/uploads\/sites\/4\/elementor\/thumbs\/Toile-enfant-BOSSI-4-qrcehtesqz27zumkbnxokuhlzisxolbdv4vzywhl68.jpg\" title=\"Toile-enfant-BOSSI-4\" alt=\"Toile-enfant-BOSSI-4\" loading=\"lazy\" \/>\t\t\t\t\t\t\t\t\t\t\t\t\t\t\t<\/div>\n\t\t\t\t<\/div>\n\t\t\t\t<div class=\"elementor-element elementor-element-9b6545c elementor-widget elementor-widget-image\" data-id=\"9b6545c\" data-element_type=\"widget\" data-e-type=\"widget\" data-widget_type=\"image.default\">\n\t\t\t\t<div class=\"elementor-widget-container\">\n\t\t\t\t\t\t\t\t\t\t\t\t\t\t\t<img decoding=\"async\" src=\"https:\/\/constant-bossi.com\/fr-fr\/wp-content\/uploads\/sites\/4\/elementor\/thumbs\/Toile-enfant-BOSSI-6-qrcehsgyk50xo8nxh5j20cq5e4xkgw7nj08ihmizcg.jpg\" title=\"Toile-enfant-BOSSI-6\" alt=\"Toile-enfant-BOSSI-6\" loading=\"lazy\" \/>\t\t\t\t\t\t\t\t\t\t\t\t\t\t\t<\/div>\n\t\t\t\t<\/div>\n\t\t\t\t<div class=\"elementor-element elementor-element-6b8a09d elementor-widget elementor-widget-image\" data-id=\"6b8a09d\" data-element_type=\"widget\" data-e-type=\"widget\" data-widget_type=\"image.default\">\n\t\t\t\t<div class=\"elementor-widget-container\">\n\t\t\t\t\t\t\t\t\t\t\t\t\t\t\t<img decoding=\"async\" src=\"https:\/\/constant-bossi.com\/fr-fr\/wp-content\/uploads\/sites\/4\/elementor\/thumbs\/JOLOMBIE-0008-scaled-qrcehdfjisgcih9rwz10wgirvyzp1qjy4xsqt75a40.jpg\" title=\"JOLOMBIE 0008\" alt=\"JOLOMBIE 0008\" loading=\"lazy\" \/>\t\t\t\t\t\t\t\t\t\t\t\t\t\t\t<\/div>\n\t\t\t\t<\/div>\n\t\t\t\t<div class=\"elementor-element elementor-element-517b434 elementor-widget elementor-widget-image\" data-id=\"517b434\" data-element_type=\"widget\" data-e-type=\"widget\" data-widget_type=\"image.default\">\n\t\t\t\t<div class=\"elementor-widget-container\">\n\t\t\t\t\t\t\t\t\t\t\t\t\t\t\t<img decoding=\"async\" src=\"https:\/\/constant-bossi.com\/fr-fr\/wp-content\/uploads\/sites\/4\/elementor\/thumbs\/Univers-chaussures-enfant-001-scaled-qrcei3r0u5gdjk7jnaeku9voirdz19gfkk2c8y299s.jpg\" title=\"Univers chaussures enfant 001\" alt=\"Univers chaussures enfant 001\" loading=\"lazy\" \/>\t\t\t\t\t\t\t\t\t\t\t\t\t\t\t<\/div>\n\t\t\t\t<\/div>\n\t\t\t\t<div class=\"elementor-element elementor-element-d323e1d elementor-widget elementor-widget-image\" data-id=\"d323e1d\" data-element_type=\"widget\" data-e-type=\"widget\" data-widget_type=\"image.default\">\n\t\t\t\t<div class=\"elementor-widget-container\">\n\t\t\t\t\t\t\t\t\t\t\t\t\t\t\t<img decoding=\"async\" src=\"https:\/\/constant-bossi.com\/fr-fr\/wp-content\/uploads\/sites\/4\/elementor\/thumbs\/TAMY-0000-scaled-qrceh5wu0461xlkp4vs0cif34w0rc5q3fwkuyzgfhs.jpg\" title=\"TAMY 0000\" alt=\"TAMY 0000\" loading=\"lazy\" \/>\t\t\t\t\t\t\t\t\t\t\t\t\t\t\t<\/div>\n\t\t\t\t<\/div>\n\t\t\t\t\t<\/div>\n\t\t\t\t<\/div>\n\t\t<div class=\"elementor-element elementor-element-a011094 e-grid e-con-boxed e-con e-parent\" data-id=\"a011094\" data-element_type=\"container\" data-e-type=\"container\">\n\t\t\t\t\t<div class=\"e-con-inner\">\n\t\t\t\t<div class=\"elementor-element elementor-element-fbb0c91 elementor-widget elementor-widget-image\" data-id=\"fbb0c91\" data-element_type=\"widget\" data-e-type=\"widget\" data-widget_type=\"image.default\">\n\t\t\t\t<div class=\"elementor-widget-container\">\n\t\t\t\t\t\t\t\t\t\t\t\t\t\t\t<img decoding=\"async\" src=\"https:\/\/constant-bossi.com\/fr-fr\/wp-content\/uploads\/sites\/4\/elementor\/thumbs\/Toile-enfant-BOSSI-8-qrcehrj4dazncmpamn4ffuyosr27973x6vl10ckdio.jpg\" title=\"Toile-enfant-BOSSI-8\" alt=\"Toile-enfant-BOSSI-8\" loading=\"lazy\" \/>\t\t\t\t\t\t\t\t\t\t\t\t\t\t\t<\/div>\n\t\t\t\t<\/div>\n\t\t\t\t<div class=\"elementor-element elementor-element-54e9ca1 elementor-widget elementor-widget-image\" data-id=\"54e9ca1\" data-element_type=\"widget\" data-e-type=\"widget\" data-widget_type=\"image.default\">\n\t\t\t\t<div class=\"elementor-widget-container\">\n\t\t\t\t\t\t\t\t\t\t\t\t\t\t\t<img decoding=\"async\" src=\"https:\/\/constant-bossi.com\/fr-fr\/wp-content\/uploads\/sites\/4\/elementor\/thumbs\/Toile-enfant-BOSSI-9-qrcehmtxf4t7qkw4e33ale5dttpd6pl9i8bllyrcds.jpg\" title=\"Toile-enfant-BOSSI-9\" alt=\"Toile-enfant-BOSSI-9\" loading=\"lazy\" \/>\t\t\t\t\t\t\t\t\t\t\t\t\t\t\t<\/div>\n\t\t\t\t<\/div>\n\t\t\t\t<div class=\"elementor-element elementor-element-e4b0229 elementor-widget elementor-widget-image\" data-id=\"e4b0229\" data-element_type=\"widget\" data-e-type=\"widget\" data-widget_type=\"image.default\">\n\t\t\t\t<div class=\"elementor-widget-container\">\n\t\t\t\t\t\t\t\t\t\t\t\t\t\t\t<img decoding=\"async\" src=\"https:\/\/constant-bossi.com\/fr-fr\/wp-content\/uploads\/sites\/4\/elementor\/thumbs\/Toile-enfant-BOSSI-4-qrcehtesqz27zumkbnxokuhlzisxolbdv4vzywhl68.jpg\" title=\"Toile-enfant-BOSSI-4\" alt=\"Toile-enfant-BOSSI-4\" loading=\"lazy\" \/>\t\t\t\t\t\t\t\t\t\t\t\t\t\t\t<\/div>\n\t\t\t\t<\/div>\n\t\t\t\t\t<\/div>\n\t\t\t\t<\/div>\n\t\t<div class=\"elementor-element elementor-element-955b5de e-flex e-con-boxed e-con e-parent\" data-id=\"955b5de\" data-element_type=\"container\" data-e-type=\"container\">\n\t\t\t\t\t<div class=\"e-con-inner\">\n\t\t\t\t<div class=\"elementor-element elementor-element-c5e089a elementor-cta--skin-cover elementor-bg-transform elementor-bg-transform-zoom-out elementor-cta--valign-top elementor-animated-content elementor-widget elementor-widget-call-to-action\" data-id=\"c5e089a\" data-element_type=\"widget\" data-e-type=\"widget\" data-widget_type=\"call-to-action.default\">\n\t\t\t\t<div class=\"elementor-widget-container\">\n\t\t\t\t\t\t\t<div class=\"elementor-cta\">\n\t\t\t\t\t<div class=\"elementor-cta__bg-wrapper\">\n\t\t\t\t<div class=\"elementor-cta__bg elementor-bg\" style=\"background-image: url(https:\/\/constant-bossi.com\/fr-fr\/wp-content\/uploads\/sites\/4\/2024\/07\/savoir-faire-et-creation-007-scaled.jpg);\" role=\"img\" aria-label=\"savoir faire et cr\u00e9ation 007\"><\/div>\n\t\t\t\t<div class=\"elementor-cta__bg-overlay\"><\/div>\n\t\t\t<\/div>\n\t\t\t\t\t\t\t<div class=\"elementor-cta__content\">\n\t\t\t\t\n\t\t\t\t\t\t\t\t\t<h2 class=\"elementor-cta__title elementor-cta__content-item elementor-content-item elementor-animated-item--grow\">\n\t\t\t\t\t\tCr\u00e9ativit\u00e9 \t\t\t\t\t<\/h2>\n\t\t\t\t\n\t\t\t\t\t\t\t\t\t<div class=\"elementor-cta__description elementor-cta__content-item elementor-content-item elementor-animated-item--grow\">\n\t\t\t\t\t\tNotre bureau d\u2019\u00e9tude con\u00e7oit et d\u00e9veloppe l\u2019ensemble de nos mod\u00e8les. \t\t\t\t\t<\/div>\n\t\t\t\t\n\t\t\t\t\t\t\t\t\t<div class=\"elementor-cta__button-wrapper elementor-cta__content-item elementor-content-item elementor-animated-item--grow\">\n\t\t\t\t\t<a class=\"elementor-cta__button elementor-button elementor-size-\">\n\t\t\t\t\t\tNos savoir-faire\t\t\t\t\t<\/a>\n\t\t\t\t\t<\/div>\n\t\t\t\t\t\t\t<\/div>\n\t\t\t\t\t\t<\/div>\n\t\t\t\t\t\t<\/div>\n\t\t\t\t<\/div>\n\t\t\t\t\t<\/div>\n\t\t\t\t<\/div>\n\t\t<div class=\"elementor-element elementor-element-c28a727 e-flex e-con-boxed e-con e-parent\" data-id=\"c28a727\" data-element_type=\"container\" data-e-type=\"container\" data-settings=\"{&quot;background_background&quot;:&quot;classic&quot;}\">\n\t\t\t\t\t<div class=\"e-con-inner\">\n\t\t\t\t<div class=\"elementor-element elementor-element-9ffc78b elementor-widget elementor-widget-text-editor\" data-id=\"9ffc78b\" data-element_type=\"widget\" data-e-type=\"widget\" data-widget_type=\"text-editor.default\">\n\t\t\t\t<div class=\"elementor-widget-container\">\n\t\t\t\t\t\t\t\t\t<p><strong>Parlez-nous de vous et de votre projet !<\/strong><\/p>\t\t\t\t\t\t\t\t<\/div>\n\t\t\t\t<\/div>\n\t\t\t\t<div class=\"elementor-element elementor-element-d6782f1 elementor-align-center elementor-widget elementor-widget-button\" data-id=\"d6782f1\" data-element_type=\"widget\" data-e-type=\"widget\" data-widget_type=\"button.default\">\n\t\t\t\t<div class=\"elementor-widget-container\">\n\t\t\t\t\t\t\t\t\t<div class=\"elementor-button-wrapper\">\n\t\t\t\t\t<a class=\"elementor-button elementor-button-link elementor-size-sm\" href=\"https:\/\/constant-bossi.com\/fr-fr\/contact\/\">\n\t\t\t\t\t\t<span class=\"elementor-button-content-wrapper\">\n\t\t\t\t\t\t\t\t\t<span class=\"elementor-button-text\">Nous contacter<\/span>\n\t\t\t\t\t<\/span>\n\t\t\t\t\t<\/a>\n\t\t\t\t<\/div>\n\t\t\t\t\t\t\t\t<\/div>\n\t\t\t\t<\/div>\n\t\t\t\t\t<\/div>\n\t\t\t\t<\/div>\n\t\t<div class=\"elementor-element elementor-element-9ec31ce e-flex e-con-boxed e-con e-parent\" data-id=\"9ec31ce\" data-element_type=\"container\" data-e-type=\"container\">\n\t\t\t\t\t<div class=\"e-con-inner\">\n\t\t<div class=\"elementor-element elementor-element-1745c16 e-con-full e-flex e-con e-child\" data-id=\"1745c16\" data-element_type=\"container\" data-e-type=\"container\">\n\t\t<div class=\"elementor-element elementor-element-a2413a5 e-grid e-con-full e-con e-child\" data-id=\"a2413a5\" data-element_type=\"container\" data-e-type=\"container\">\n\t\t\t\t<div class=\"elementor-element elementor-element-8d00bc7 elementor-widget elementor-widget-image\" data-id=\"8d00bc7\" data-element_type=\"widget\" data-e-type=\"widget\" data-widget_type=\"image.default\">\n\t\t\t\t<div class=\"elementor-widget-container\">\n\t\t\t\t\t\t\t\t\t\t\t\t\t\t\t<img fetchpriority=\"high\" decoding=\"async\" width=\"216\" height=\"289\" src=\"https:\/\/constant-bossi.com\/fr-fr\/wp-content\/uploads\/sites\/4\/2024\/07\/Broderie-C.BOSSI-100.jpg\" class=\"attachment-ocean-thumb-l size-ocean-thumb-l wp-image-1004\" alt=\"\" \/>\t\t\t\t\t\t\t\t\t\t\t\t\t\t\t<\/div>\n\t\t\t\t<\/div>\n\t\t\t\t<div class=\"elementor-element elementor-element-c6fe91d elementor-widget elementor-widget-image\" data-id=\"c6fe91d\" data-element_type=\"widget\" data-e-type=\"widget\" data-widget_type=\"image.default\">\n\t\t\t\t<div class=\"elementor-widget-container\">\n\t\t\t\t\t\t\t\t\t\t\t\t\t\t\t<img decoding=\"async\" width=\"216\" height=\"288\" src=\"https:\/\/constant-bossi.com\/fr-fr\/wp-content\/uploads\/sites\/4\/2024\/07\/Impression-tissu-C.BOSSI-100.jpg\" class=\"attachment-large size-large wp-image-1033\" alt=\"\" \/>\t\t\t\t\t\t\t\t\t\t\t\t\t\t\t<\/div>\n\t\t\t\t<\/div>\n\t\t\t\t<div class=\"elementor-element elementor-element-efc99ee elementor-widget elementor-widget-image\" data-id=\"efc99ee\" data-element_type=\"widget\" data-e-type=\"widget\" data-widget_type=\"image.default\">\n\t\t\t\t<div class=\"elementor-widget-container\">\n\t\t\t\t\t\t\t\t\t\t\t\t\t\t\t<img decoding=\"async\" width=\"217\" height=\"288\" src=\"https:\/\/constant-bossi.com\/fr-fr\/wp-content\/uploads\/sites\/4\/2024\/07\/Transfert-marquage-C.BOSSI-100.jpg\" class=\"attachment-large size-large wp-image-1035\" alt=\"\" \/>\t\t\t\t\t\t\t\t\t\t\t\t\t\t\t<\/div>\n\t\t\t\t<\/div>\n\t\t\t\t<div class=\"elementor-element elementor-element-d5a4ae6 elementor-widget elementor-widget-image\" data-id=\"d5a4ae6\" data-element_type=\"widget\" data-e-type=\"widget\" data-widget_type=\"image.default\">\n\t\t\t\t<div class=\"elementor-widget-container\">\n\t\t\t\t\t\t\t\t\t\t\t\t\t\t\t<img loading=\"lazy\" decoding=\"async\" width=\"216\" height=\"288\" src=\"https:\/\/constant-bossi.com\/fr-fr\/wp-content\/uploads\/sites\/4\/2024\/07\/Semelle-C.BOSSI-100.jpg\" class=\"attachment-large size-large wp-image-1007\" alt=\"\" \/>\t\t\t\t\t\t\t\t\t\t\t\t\t\t\t<\/div>\n\t\t\t\t<\/div>\n\t\t\t\t<\/div>\n\t\t\t\t<\/div>\n\t\t\t\t<div class=\"elementor-element elementor-element-ea94cba elementor-align-center elementor-widget elementor-widget-button\" data-id=\"ea94cba\" data-element_type=\"widget\" data-e-type=\"widget\" data-widget_type=\"button.default\">\n\t\t\t\t<div class=\"elementor-widget-container\">\n\t\t\t\t\t\t\t\t\t<div class=\"elementor-button-wrapper\">\n\t\t\t\t\t<a class=\"elementor-button elementor-button-link elementor-size-sm\" href=\"https:\/\/constant-bossi.com\/fr-fr\/savoir-faire\/\">\n\t\t\t\t\t\t<span class=\"elementor-button-content-wrapper\">\n\t\t\t\t\t\t\t\t\t<span class=\"elementor-button-text\">D\u00e9couvrez NOS savoir-faire<\/span>\n\t\t\t\t\t<\/span>\n\t\t\t\t\t<\/a>\n\t\t\t\t<\/div>\n\t\t\t\t\t\t\t\t<\/div>\n\t\t\t\t<\/div>\n\t\t\t\t\t<\/div>\n\t\t\t\t<\/div>\n\t\t\t\t<\/div>\n\t\t","protected":false},"excerpt":{"rendered":"<p>Voir \u00e9galement &#8230; NOS CHAUSSONS HOMME &#8211; FEMME NOS CHAUSSONS ENFANT Univers b\u00e9b\u00e9 &#8211; enfant Mod\u00e8les Fille et Gar\u00e7on du 19 au 30 Cr\u00e9ativit\u00e9 Notre bureau d\u2019\u00e9tude con\u00e7oit et d\u00e9veloppe l\u2019ensemble de nos mod\u00e8les. Nos savoir-faire Parlez-nous de vous et de votre projet ! Nous contacter D\u00e9couvrez NOS savoir-faire<\/p>\n","protected":false},"author":4,"featured_media":0,"parent":51,"menu_order":0,"comment_status":"closed","ping_status":"closed","template":"","meta":{"_trash_the_other_posts":false,"editor_notices":[],"footnotes":""},"class_list":["post-1237","page","type-page","status-publish","hentry","entry"],"_links":{"self":[{"href":"https:\/\/constant-bossi.com\/fr-fr\/wp-json\/wp\/v2\/pages\/1237","targetHints":{"allow":["GET"]}}],"collection":[{"href":"https:\/\/constant-bossi.com\/fr-fr\/wp-json\/wp\/v2\/pages"}],"about":[{"href":"https:\/\/constant-bossi.com\/fr-fr\/wp-json\/wp\/v2\/types\/page"}],"author":[{"embeddable":true,"href":"https:\/\/constant-bossi.com\/fr-fr\/wp-json\/wp\/v2\/users\/4"}],"replies":[{"embeddable":true,"href":"https:\/\/constant-bossi.com\/fr-fr\/wp-json\/wp\/v2\/comments?post=1237"}],"version-history":[{"count":11,"href":"https:\/\/constant-bossi.com\/fr-fr\/wp-json\/wp\/v2\/pages\/1237\/revisions"}],"predecessor-version":[{"id":1312,"href":"https:\/\/constant-bossi.com\/fr-fr\/wp-json\/wp\/v2\/pages\/1237\/revisions\/1312"}],"up":[{"embeddable":true,"href":"https:\/\/constant-bossi.com\/fr-fr\/wp-json\/wp\/v2\/pages\/51"}],"wp:attachment":[{"href":"https:\/\/constant-bossi.com\/fr-fr\/wp-json\/wp\/v2\/media?parent=1237"}],"curies":[{"name":"wp","href":"https:\/\/api.w.org\/{rel}","templated":true}]}}