{"id":1226,"date":"2024-07-18T09:43:52","date_gmt":"2024-07-18T07:43:52","guid":{"rendered":"https:\/\/constant-bossi.com\/fr-fr\/?page_id=1226"},"modified":"2024-09-27T13:36:01","modified_gmt":"2024-09-27T11:36:01","slug":"chaussons-univers-homme-femme","status":"publish","type":"page","link":"https:\/\/constant-bossi.com\/fr-fr\/produits\/chaussons-univers-homme-femme\/","title":{"rendered":"Chaussons univers Homme- Femme"},"content":{"rendered":"\t\t<div data-elementor-type=\"wp-page\" data-elementor-id=\"1226\" class=\"elementor elementor-1226\" data-elementor-post-type=\"page\">\n\t\t\t\t<div class=\"elementor-element elementor-element-4688089 e-flex e-con-boxed e-con e-parent\" data-id=\"4688089\" data-element_type=\"container\" data-e-type=\"container\">\n\t\t\t\t\t<div class=\"e-con-inner\">\n\t\t\t\t<div class=\"elementor-element elementor-element-f5c1b9c elementor-widget elementor-widget-heading\" data-id=\"f5c1b9c\" data-element_type=\"widget\" data-e-type=\"widget\" data-widget_type=\"heading.default\">\n\t\t\t\t<div class=\"elementor-widget-container\">\n\t\t\t\t\t<h3 class=\"elementor-heading-title elementor-size-default\">Voir \u00e9galement ...<\/h3>\t\t\t\t<\/div>\n\t\t\t\t<\/div>\n\t\t<div class=\"elementor-element elementor-element-05e2775 e-grid e-con-full e-con e-child\" data-id=\"05e2775\" data-element_type=\"container\" data-e-type=\"container\">\n\t\t\t\t<div class=\"elementor-element elementor-element-588f800 elementor-cta--skin-cover elementor-cta--valign-middle elementor-animated-content elementor-bg-transform elementor-bg-transform-zoom-in elementor-widget elementor-widget-call-to-action\" data-id=\"588f800\" data-element_type=\"widget\" data-e-type=\"widget\" data-widget_type=\"call-to-action.default\">\n\t\t\t\t<div class=\"elementor-widget-container\">\n\t\t\t\t\t\t\t<div class=\"elementor-cta\">\n\t\t\t\t\t<div class=\"elementor-cta__bg-wrapper\">\n\t\t\t\t<div class=\"elementor-cta__bg elementor-bg\" style=\"background-image: url(https:\/\/constant-bossi.com\/fr-fr\/wp-content\/uploads\/sites\/4\/2024\/07\/baby-slippers-Bossi-300x300.jpg);\" role=\"img\" aria-label=\"baby-slippers-Bossi.jpg\"><\/div>\n\t\t\t\t<div class=\"elementor-cta__bg-overlay\"><\/div>\n\t\t\t<\/div>\n\t\t\t\t\t\t\t<div class=\"elementor-cta__content\">\n\t\t\t\t\n\t\t\t\t\n\t\t\t\t\n\t\t\t\t\t\t\t\t\t<div class=\"elementor-cta__button-wrapper elementor-cta__content-item elementor-content-item elementor-animated-item--grow\">\n\t\t\t\t\t<a class=\"elementor-cta__button elementor-button elementor-size-\" href=\"https:\/\/constant-bossi.com\/fr-fr\/chaussons-univers-bebe-enfant\/\">\n\t\t\t\t\t\tNOS CHAUSSONS ENFANT\t\t\t\t\t<\/a>\n\t\t\t\t\t<\/div>\n\t\t\t\t\t\t\t<\/div>\n\t\t\t\t\t\t<\/div>\n\t\t\t\t\t\t<\/div>\n\t\t\t\t<\/div>\n\t\t\t\t<div class=\"elementor-element elementor-element-02f0d0e elementor-cta--skin-cover elementor-animated-content elementor-bg-transform elementor-bg-transform-zoom-in elementor-widget elementor-widget-call-to-action\" data-id=\"02f0d0e\" data-element_type=\"widget\" data-e-type=\"widget\" data-widget_type=\"call-to-action.default\">\n\t\t\t\t<div class=\"elementor-widget-container\">\n\t\t\t\t\t\t\t<div class=\"elementor-cta\">\n\t\t\t\t\t<div class=\"elementor-cta__bg-wrapper\">\n\t\t\t\t<div class=\"elementor-cta__bg elementor-bg\" style=\"background-image: url(https:\/\/constant-bossi.com\/fr-fr\/wp-content\/uploads\/sites\/4\/2024\/07\/Univers-ENFANT-300x137.jpg);\" role=\"img\" aria-label=\"Univers ENFANT\"><\/div>\n\t\t\t\t<div class=\"elementor-cta__bg-overlay\"><\/div>\n\t\t\t<\/div>\n\t\t\t\t\t\t\t<div class=\"elementor-cta__content\">\n\t\t\t\t\n\t\t\t\t\n\t\t\t\t\n\t\t\t\t\t\t\t\t\t<div class=\"elementor-cta__button-wrapper elementor-cta__content-item elementor-content-item elementor-animated-item--grow\">\n\t\t\t\t\t<a class=\"elementor-cta__button elementor-button elementor-size-\" href=\"https:\/\/constant-bossi.com\/fr-fr\/chaussures\/\">\n\t\t\t\t\t\tNOS CHAUSSURES ENFANT\t\t\t\t\t<\/a>\n\t\t\t\t\t<\/div>\n\t\t\t\t\t\t\t<\/div>\n\t\t\t\t\t\t<\/div>\n\t\t\t\t\t\t<\/div>\n\t\t\t\t<\/div>\n\t\t\t\t<\/div>\n\t\t\t\t\t<\/div>\n\t\t\t\t<\/div>\n\t\t<div class=\"elementor-element elementor-element-82af1c7 e-flex e-con-boxed e-con e-parent\" data-id=\"82af1c7\" data-element_type=\"container\" data-e-type=\"container\">\n\t\t\t\t\t<div class=\"e-con-inner\">\n\t\t\t\t<div class=\"elementor-element elementor-element-943734f elementor-widget elementor-widget-heading\" data-id=\"943734f\" data-element_type=\"widget\" data-e-type=\"widget\" data-widget_type=\"heading.default\">\n\t\t\t\t<div class=\"elementor-widget-container\">\n\t\t\t\t\t<h2 class=\"elementor-heading-title elementor-size-default\">UNIVERS <br>FEMME - HOMME<\/h2>\t\t\t\t<\/div>\n\t\t\t\t<\/div>\n\t\t\t\t<div class=\"elementor-element elementor-element-bfe3455 elementor-widget elementor-widget-heading\" data-id=\"bfe3455\" data-element_type=\"widget\" data-e-type=\"widget\" data-widget_type=\"heading.default\">\n\t\t\t\t<div class=\"elementor-widget-container\">\n\t\t\t\t\t<h3 class=\"elementor-heading-title elementor-size-default\">Mod\u00e8les  Femme du 35 au 41      |       Mod\u00e8les Homme du 39 au 47<\/h3>\t\t\t\t<\/div>\n\t\t\t\t<\/div>\n\t\t\t\t\t<\/div>\n\t\t\t\t<\/div>\n\t\t<div class=\"elementor-element elementor-element-844f6e0 e-grid e-con-boxed e-con e-parent\" data-id=\"844f6e0\" data-element_type=\"container\" data-e-type=\"container\">\n\t\t\t\t\t<div class=\"e-con-inner\">\n\t\t\t\t<div class=\"elementor-element elementor-element-fec13e8 elementor-widget elementor-widget-image\" data-id=\"fec13e8\" data-element_type=\"widget\" data-e-type=\"widget\" data-widget_type=\"image.default\">\n\t\t\t\t<div class=\"elementor-widget-container\">\n\t\t\t\t\t\t\t\t\t\t\t\t\t\t\t<img decoding=\"async\" src=\"https:\/\/constant-bossi.com\/fr-fr\/wp-content\/uploads\/sites\/4\/elementor\/thumbs\/SERIC-0001-qrceklzj28vwi4kh0derhn3xjr17k7enwyoybicgog.jpg\" title=\"SERIC-0001\" alt=\"SERIC-0001\" loading=\"lazy\" \/>\t\t\t\t\t\t\t\t\t\t\t\t\t\t\t<\/div>\n\t\t\t\t<\/div>\n\t\t\t\t<div class=\"elementor-element elementor-element-271192b elementor-widget elementor-widget-image\" data-id=\"271192b\" data-element_type=\"widget\" data-e-type=\"widget\" data-widget_type=\"image.default\">\n\t\t\t\t<div class=\"elementor-widget-container\">\n\t\t\t\t\t\t\t\t\t\t\t\t\t\t\t<img decoding=\"async\" src=\"https:\/\/constant-bossi.com\/fr-fr\/wp-content\/uploads\/sites\/4\/elementor\/thumbs\/SALON-0001-qrcekqoq0f2c46dn8xfwc3x8ioe1moxbllydpw5htc.jpg\" title=\"SALON-0001\" alt=\"SALON-0001\" loading=\"lazy\" \/>\t\t\t\t\t\t\t\t\t\t\t\t\t\t\t<\/div>\n\t\t\t\t<\/div>\n\t\t\t\t<div class=\"elementor-element elementor-element-9c10208 elementor-widget elementor-widget-image\" data-id=\"9c10208\" data-element_type=\"widget\" data-e-type=\"widget\" data-widget_type=\"image.default\">\n\t\t\t\t<div class=\"elementor-widget-container\">\n\t\t\t\t\t\t\t\t\t\t\t\t\t\t\t<img decoding=\"async\" src=\"https:\/\/constant-bossi.com\/fr-fr\/wp-content\/uploads\/sites\/4\/elementor\/thumbs\/ORLEANS-0003-qrcekug2rr7hem86mz2em2z2w7vihhc8y4kbmzzx4g.jpg\" title=\"ORLEANS-0003\" alt=\"ORLEANS-0003\" loading=\"lazy\" \/>\t\t\t\t\t\t\t\t\t\t\t\t\t\t\t<\/div>\n\t\t\t\t<\/div>\n\t\t\t\t<div class=\"elementor-element elementor-element-1ccc914 elementor-widget elementor-widget-image\" data-id=\"1ccc914\" data-element_type=\"widget\" data-e-type=\"widget\" data-widget_type=\"image.default\">\n\t\t\t\t<div class=\"elementor-widget-container\">\n\t\t\t\t\t\t\t\t\t\t\t\t\t\t\t<img decoding=\"async\" src=\"https:\/\/constant-bossi.com\/fr-fr\/wp-content\/uploads\/sites\/4\/elementor\/thumbs\/SERIC-0000-qrcekpqvtl11skf0ef19rm5rxaioeztl9haw8m6vzk.jpg\" title=\"SERIC-0000\" alt=\"SERIC-0000\" loading=\"lazy\" \/>\t\t\t\t\t\t\t\t\t\t\t\t\t\t\t<\/div>\n\t\t\t\t<\/div>\n\t\t\t\t<div class=\"elementor-element elementor-element-a96d965 elementor-widget elementor-widget-image\" data-id=\"a96d965\" data-element_type=\"widget\" data-e-type=\"widget\" data-widget_type=\"image.default\">\n\t\t\t\t<div class=\"elementor-widget-container\">\n\t\t\t\t\t\t\t\t\t\t\t\t\t\t\t<img decoding=\"async\" src=\"https:\/\/constant-bossi.com\/fr-fr\/wp-content\/uploads\/sites\/4\/elementor\/thumbs\/Choix-des-matieres-qrcekgchx8o6kgsnxaz02oj5zft0a0s9w6s1fuktps.jpeg\" title=\"Choix des mati\u00e8res\" alt=\"Choix des mati\u00e8res\" loading=\"lazy\" \/>\t\t\t\t\t\t\t\t\t\t\t\t\t\t\t<\/div>\n\t\t\t\t<\/div>\n\t\t\t\t<div class=\"elementor-element elementor-element-71578f8 elementor-widget elementor-widget-image\" data-id=\"71578f8\" data-element_type=\"widget\" data-e-type=\"widget\" data-widget_type=\"image.default\">\n\t\t\t\t<div class=\"elementor-widget-container\">\n\t\t\t\t\t\t\t\t\t\t\t\t\t\t\t<img decoding=\"async\" src=\"https:\/\/constant-bossi.com\/fr-fr\/wp-content\/uploads\/sites\/4\/elementor\/thumbs\/ORLEANS-0006-qrcekrmk793mfsca3fuiwlop429eue11xqlv7643n4.jpg\" title=\"ORLEANS-0006\" alt=\"ORLEANS-0006\" loading=\"lazy\" \/>\t\t\t\t\t\t\t\t\t\t\t\t\t\t\t<\/div>\n\t\t\t\t<\/div>\n\t\t\t\t\t<\/div>\n\t\t\t\t<\/div>\n\t\t<div class=\"elementor-element elementor-element-ae9e654 e-flex e-con-boxed e-con e-parent\" data-id=\"ae9e654\" data-element_type=\"container\" data-e-type=\"container\">\n\t\t\t\t\t<div class=\"e-con-inner\">\n\t\t\t\t<div class=\"elementor-element elementor-element-9b67f29 elementor-cta--skin-cover elementor-bg-transform elementor-bg-transform-zoom-out elementor-cta--valign-middle elementor-animated-content elementor-widget elementor-widget-call-to-action\" data-id=\"9b67f29\" data-element_type=\"widget\" data-e-type=\"widget\" data-widget_type=\"call-to-action.default\">\n\t\t\t\t<div class=\"elementor-widget-container\">\n\t\t\t\t\t\t\t<a class=\"elementor-cta\" href=\"https:\/\/constant-bossi.com\/fr-fr\/contact\/\">\n\t\t\t\t\t<div class=\"elementor-cta__bg-wrapper\">\n\t\t\t\t<div class=\"elementor-cta__bg elementor-bg\" style=\"background-image: url(https:\/\/constant-bossi.com\/fr-fr\/wp-content\/uploads\/sites\/4\/2023\/12\/RD-1024x768.jpg);\" role=\"img\" aria-label=\"R&amp;D\"><\/div>\n\t\t\t\t<div class=\"elementor-cta__bg-overlay\"><\/div>\n\t\t\t<\/div>\n\t\t\t\t\t\t\t<div class=\"elementor-cta__content\">\n\t\t\t\t\n\t\t\t\t\t\t\t\t\t<h2 class=\"elementor-cta__title elementor-cta__content-item elementor-content-item elementor-animated-item--grow\">\n\t\t\t\t\t\t\u00e0 votre \u00e9coute\t\t\t\t\t<\/h2>\n\t\t\t\t\n\t\t\t\t\t\t\t\t\t<div class=\"elementor-cta__description elementor-cta__content-item elementor-content-item elementor-animated-item--grow\">\n\t\t\t\t\t\tNotre \u00e9quipe est \u00e0 votre \u00e9coute pour un accompagnement sur mesure. De l'id\u00e9e au produit fini, nous sommes l\u00e0 pour vous. \t\t\t\t\t<\/div>\n\t\t\t\t\n\t\t\t\t\t\t\t\t\t<div class=\"elementor-cta__button-wrapper elementor-cta__content-item elementor-content-item elementor-animated-item--grow\">\n\t\t\t\t\t<span class=\"elementor-cta__button elementor-button elementor-size-\">\n\t\t\t\t\t\tNous contacter\t\t\t\t\t<\/span>\n\t\t\t\t\t<\/div>\n\t\t\t\t\t\t\t<\/div>\n\t\t\t\t\t\t<\/a>\n\t\t\t\t\t\t<\/div>\n\t\t\t\t<\/div>\n\t\t\t\t\t<\/div>\n\t\t\t\t<\/div>\n\t\t<div class=\"elementor-element elementor-element-1978c4e e-grid e-con-boxed e-con e-parent\" data-id=\"1978c4e\" data-element_type=\"container\" data-e-type=\"container\">\n\t\t\t\t\t<div class=\"e-con-inner\">\n\t\t\t\t<div class=\"elementor-element elementor-element-5f09143 elementor-widget elementor-widget-image\" data-id=\"5f09143\" data-element_type=\"widget\" data-e-type=\"widget\" data-widget_type=\"image.default\">\n\t\t\t\t<div class=\"elementor-widget-container\">\n\t\t\t\t\t\t\t\t\t\t\t\t\t\t\t<img decoding=\"async\" src=\"https:\/\/constant-bossi.com\/fr-fr\/wp-content\/uploads\/sites\/4\/elementor\/thumbs\/ULRICK-0000-qt8rz2q19pxki4xa4qek73la8hbwu4t6q1lqtaq5ps.jpg\" title=\"ULRICK-0000\" alt=\"ULRICK-0000\" loading=\"lazy\" \/>\t\t\t\t\t\t\t\t\t\t\t\t\t\t\t<\/div>\n\t\t\t\t<\/div>\n\t\t\t\t<div class=\"elementor-element elementor-element-97254fa elementor-widget elementor-widget-image\" data-id=\"97254fa\" data-element_type=\"widget\" data-e-type=\"widget\" data-widget_type=\"image.default\">\n\t\t\t\t<div class=\"elementor-widget-container\">\n\t\t\t\t\t\t\t\t\t\t\t\t\t\t\t<img decoding=\"async\" src=\"https:\/\/constant-bossi.com\/fr-fr\/wp-content\/uploads\/sites\/4\/elementor\/thumbs\/ULYSSE-0002-qt8rz6he122pskrtis12h2n4m0tdox842k7oqekl0w.jpg\" title=\"ULYSSE-0002\" alt=\"ULYSSE-0002\" loading=\"lazy\" \/>\t\t\t\t\t\t\t\t\t\t\t\t\t\t\t<\/div>\n\t\t\t\t<\/div>\n\t\t\t\t<div class=\"elementor-element elementor-element-bb6df4e elementor-widget elementor-widget-image\" data-id=\"bb6df4e\" data-element_type=\"widget\" data-e-type=\"widget\" data-widget_type=\"image.default\">\n\t\t\t\t<div class=\"elementor-widget-container\">\n\t\t\t\t\t\t\t\t\t\t\t\t\t\t\t<img decoding=\"async\" src=\"https:\/\/constant-bossi.com\/fr-fr\/wp-content\/uploads\/sites\/4\/elementor\/thumbs\/ULRICK-0001-qt8rzc4f62afq8jmlugtw17w6c1kz3ui3c4lm2c7zk.jpg\" title=\"ULRICK-0001\" alt=\"ULRICK-0001\" loading=\"lazy\" \/>\t\t\t\t\t\t\t\t\t\t\t\t\t\t\t<\/div>\n\t\t\t\t<\/div>\n\t\t\t\t\t<\/div>\n\t\t\t\t<\/div>\n\t\t<div class=\"elementor-element elementor-element-c950f7d e-flex e-con-boxed e-con e-parent\" data-id=\"c950f7d\" data-element_type=\"container\" data-e-type=\"container\" data-settings=\"{&quot;background_background&quot;:&quot;classic&quot;}\">\n\t\t\t\t\t<div class=\"e-con-inner\">\n\t\t\t\t<div class=\"elementor-element elementor-element-f45c3d4 elementor-widget elementor-widget-text-editor\" data-id=\"f45c3d4\" data-element_type=\"widget\" data-e-type=\"widget\" data-widget_type=\"text-editor.default\">\n\t\t\t\t<div class=\"elementor-widget-container\">\n\t\t\t\t\t\t\t\t\t<p><strong>Parlez-nous de vous et de votre projet !<\/strong><\/p>\t\t\t\t\t\t\t\t<\/div>\n\t\t\t\t<\/div>\n\t\t\t\t<div class=\"elementor-element elementor-element-083a6a6 elementor-align-center elementor-widget elementor-widget-button\" data-id=\"083a6a6\" data-element_type=\"widget\" data-e-type=\"widget\" data-widget_type=\"button.default\">\n\t\t\t\t<div class=\"elementor-widget-container\">\n\t\t\t\t\t\t\t\t\t<div class=\"elementor-button-wrapper\">\n\t\t\t\t\t<a class=\"elementor-button elementor-button-link elementor-size-sm\" href=\"https:\/\/constant-bossi.com\/fr-fr\/contact\/\">\n\t\t\t\t\t\t<span class=\"elementor-button-content-wrapper\">\n\t\t\t\t\t\t\t\t\t<span class=\"elementor-button-text\">Nous contacter<\/span>\n\t\t\t\t\t<\/span>\n\t\t\t\t\t<\/a>\n\t\t\t\t<\/div>\n\t\t\t\t\t\t\t\t<\/div>\n\t\t\t\t<\/div>\n\t\t\t\t\t<\/div>\n\t\t\t\t<\/div>\n\t\t<div class=\"elementor-element elementor-element-3075aaa e-flex e-con-boxed e-con e-parent\" data-id=\"3075aaa\" data-element_type=\"container\" data-e-type=\"container\">\n\t\t\t\t\t<div class=\"e-con-inner\">\n\t\t<div class=\"elementor-element elementor-element-edbf816 e-con-full e-flex e-con e-child\" data-id=\"edbf816\" data-element_type=\"container\" data-e-type=\"container\">\n\t\t<div class=\"elementor-element elementor-element-777a075 e-grid e-con-full e-con e-child\" data-id=\"777a075\" data-element_type=\"container\" data-e-type=\"container\">\n\t\t\t\t<div class=\"elementor-element elementor-element-3c1e554 elementor-widget elementor-widget-image\" data-id=\"3c1e554\" data-element_type=\"widget\" data-e-type=\"widget\" data-widget_type=\"image.default\">\n\t\t\t\t<div class=\"elementor-widget-container\">\n\t\t\t\t\t\t\t\t\t\t\t\t\t\t\t<img fetchpriority=\"high\" decoding=\"async\" width=\"216\" height=\"289\" src=\"https:\/\/constant-bossi.com\/fr-fr\/wp-content\/uploads\/sites\/4\/2024\/07\/Broderie-C.BOSSI-100.jpg\" class=\"attachment-ocean-thumb-l size-ocean-thumb-l wp-image-1004\" alt=\"\" \/>\t\t\t\t\t\t\t\t\t\t\t\t\t\t\t<\/div>\n\t\t\t\t<\/div>\n\t\t\t\t<div class=\"elementor-element elementor-element-5065883 elementor-widget elementor-widget-image\" data-id=\"5065883\" data-element_type=\"widget\" data-e-type=\"widget\" data-widget_type=\"image.default\">\n\t\t\t\t<div class=\"elementor-widget-container\">\n\t\t\t\t\t\t\t\t\t\t\t\t\t\t\t<img decoding=\"async\" width=\"216\" height=\"288\" src=\"https:\/\/constant-bossi.com\/fr-fr\/wp-content\/uploads\/sites\/4\/2024\/07\/Impression-tissu-C.BOSSI-100.jpg\" class=\"attachment-large size-large wp-image-1033\" alt=\"\" \/>\t\t\t\t\t\t\t\t\t\t\t\t\t\t\t<\/div>\n\t\t\t\t<\/div>\n\t\t\t\t<div class=\"elementor-element elementor-element-c4816f5 elementor-widget elementor-widget-image\" data-id=\"c4816f5\" data-element_type=\"widget\" data-e-type=\"widget\" data-widget_type=\"image.default\">\n\t\t\t\t<div class=\"elementor-widget-container\">\n\t\t\t\t\t\t\t\t\t\t\t\t\t\t\t<img decoding=\"async\" width=\"217\" height=\"288\" src=\"https:\/\/constant-bossi.com\/fr-fr\/wp-content\/uploads\/sites\/4\/2024\/07\/Transfert-marquage-C.BOSSI-100.jpg\" class=\"attachment-large size-large wp-image-1035\" alt=\"\" \/>\t\t\t\t\t\t\t\t\t\t\t\t\t\t\t<\/div>\n\t\t\t\t<\/div>\n\t\t\t\t<div class=\"elementor-element elementor-element-ab9eb27 elementor-widget elementor-widget-image\" data-id=\"ab9eb27\" data-element_type=\"widget\" data-e-type=\"widget\" data-widget_type=\"image.default\">\n\t\t\t\t<div class=\"elementor-widget-container\">\n\t\t\t\t\t\t\t\t\t\t\t\t\t\t\t<img loading=\"lazy\" decoding=\"async\" width=\"216\" height=\"288\" src=\"https:\/\/constant-bossi.com\/fr-fr\/wp-content\/uploads\/sites\/4\/2024\/07\/Semelle-C.BOSSI-100.jpg\" class=\"attachment-large size-large wp-image-1007\" alt=\"\" \/>\t\t\t\t\t\t\t\t\t\t\t\t\t\t\t<\/div>\n\t\t\t\t<\/div>\n\t\t\t\t<\/div>\n\t\t\t\t<\/div>\n\t\t\t\t<div class=\"elementor-element elementor-element-e36e051 elementor-align-center elementor-widget elementor-widget-button\" data-id=\"e36e051\" data-element_type=\"widget\" data-e-type=\"widget\" data-widget_type=\"button.default\">\n\t\t\t\t<div class=\"elementor-widget-container\">\n\t\t\t\t\t\t\t\t\t<div class=\"elementor-button-wrapper\">\n\t\t\t\t\t<a class=\"elementor-button elementor-button-link elementor-size-sm\" href=\"https:\/\/constant-bossi.com\/fr-fr\/savoir-faire\/\">\n\t\t\t\t\t\t<span class=\"elementor-button-content-wrapper\">\n\t\t\t\t\t\t\t\t\t<span class=\"elementor-button-text\">D\u00e9couvrez NOS savoir-faire<\/span>\n\t\t\t\t\t<\/span>\n\t\t\t\t\t<\/a>\n\t\t\t\t<\/div>\n\t\t\t\t\t\t\t\t<\/div>\n\t\t\t\t<\/div>\n\t\t\t\t\t<\/div>\n\t\t\t\t<\/div>\n\t\t\t\t<\/div>\n\t\t","protected":false},"excerpt":{"rendered":"<p>Voir \u00e9galement &#8230; NOS CHAUSSONS ENFANT NOS CHAUSSURES ENFANT UNIVERS FEMME &#8211; HOMME Mod\u00e8les Femme du 35 au 41 | Mod\u00e8les Homme du 39 au 47 \u00e0 votre \u00e9coute Notre \u00e9quipe est \u00e0 votre \u00e9coute pour un accompagnement sur mesure. De l&rsquo;id\u00e9e au produit fini, nous sommes l\u00e0 pour vous. Nous contacter Parlez-nous de vous [&hellip;]<\/p>\n","protected":false},"author":4,"featured_media":0,"parent":51,"menu_order":0,"comment_status":"closed","ping_status":"closed","template":"","meta":{"_trash_the_other_posts":false,"editor_notices":[],"footnotes":""},"class_list":["post-1226","page","type-page","status-publish","hentry","entry"],"_links":{"self":[{"href":"https:\/\/constant-bossi.com\/fr-fr\/wp-json\/wp\/v2\/pages\/1226","targetHints":{"allow":["GET"]}}],"collection":[{"href":"https:\/\/constant-bossi.com\/fr-fr\/wp-json\/wp\/v2\/pages"}],"about":[{"href":"https:\/\/constant-bossi.com\/fr-fr\/wp-json\/wp\/v2\/types\/page"}],"author":[{"embeddable":true,"href":"https:\/\/constant-bossi.com\/fr-fr\/wp-json\/wp\/v2\/users\/4"}],"replies":[{"embeddable":true,"href":"https:\/\/constant-bossi.com\/fr-fr\/wp-json\/wp\/v2\/comments?post=1226"}],"version-history":[{"count":11,"href":"https:\/\/constant-bossi.com\/fr-fr\/wp-json\/wp\/v2\/pages\/1226\/revisions"}],"predecessor-version":[{"id":1311,"href":"https:\/\/constant-bossi.com\/fr-fr\/wp-json\/wp\/v2\/pages\/1226\/revisions\/1311"}],"up":[{"embeddable":true,"href":"https:\/\/constant-bossi.com\/fr-fr\/wp-json\/wp\/v2\/pages\/51"}],"wp:attachment":[{"href":"https:\/\/constant-bossi.com\/fr-fr\/wp-json\/wp\/v2\/media?parent=1226"}],"curies":[{"name":"wp","href":"https:\/\/api.w.org\/{rel}","templated":true}]}}