{"id":1186,"date":"2024-07-17T15:31:29","date_gmt":"2024-07-17T13:31:29","guid":{"rendered":"https:\/\/constant-bossi.com\/fr-fr\/?page_id=1186"},"modified":"2024-09-27T13:26:03","modified_gmt":"2024-09-27T11:26:03","slug":"chaussons-univers-bebe-enfant","status":"publish","type":"page","link":"https:\/\/constant-bossi.com\/fr-fr\/produits\/chaussons-univers-bebe-enfant\/","title":{"rendered":"Chaussons univers b\u00e9b\u00e9-enfant"},"content":{"rendered":"\t\t<div data-elementor-type=\"wp-page\" data-elementor-id=\"1186\" class=\"elementor elementor-1186\" data-elementor-post-type=\"page\">\n\t\t\t\t<div class=\"elementor-element elementor-element-4688089 e-flex e-con-boxed e-con e-parent\" data-id=\"4688089\" data-element_type=\"container\" data-e-type=\"container\">\n\t\t\t\t\t<div class=\"e-con-inner\">\n\t\t\t\t<div class=\"elementor-element elementor-element-f5c1b9c elementor-widget elementor-widget-heading\" data-id=\"f5c1b9c\" data-element_type=\"widget\" data-e-type=\"widget\" data-widget_type=\"heading.default\">\n\t\t\t\t<div class=\"elementor-widget-container\">\n\t\t\t\t\t<h3 class=\"elementor-heading-title elementor-size-default\">Voir \u00e9galement ...<\/h3>\t\t\t\t<\/div>\n\t\t\t\t<\/div>\n\t\t<div class=\"elementor-element elementor-element-05e2775 e-grid e-con-full e-con e-child\" data-id=\"05e2775\" data-element_type=\"container\" data-e-type=\"container\">\n\t\t\t\t<div class=\"elementor-element elementor-element-cccee78 elementor-cta--skin-cover elementor-animated-content elementor-bg-transform elementor-bg-transform-zoom-in elementor-widget elementor-widget-call-to-action\" data-id=\"cccee78\" data-element_type=\"widget\" data-e-type=\"widget\" data-widget_type=\"call-to-action.default\">\n\t\t\t\t<div class=\"elementor-widget-container\">\n\t\t\t\t\t\t\t<div class=\"elementor-cta\">\n\t\t\t\t\t<div class=\"elementor-cta__bg-wrapper\">\n\t\t\t\t<div class=\"elementor-cta__bg elementor-bg\" style=\"background-image: url(https:\/\/constant-bossi.com\/fr-fr\/wp-content\/uploads\/sites\/4\/2024\/07\/Univers-Homme-Femme-300x200.jpg);\" role=\"img\" aria-label=\"Univers Homme - Femme\"><\/div>\n\t\t\t\t<div class=\"elementor-cta__bg-overlay\"><\/div>\n\t\t\t<\/div>\n\t\t\t\t\t\t\t<div class=\"elementor-cta__content\">\n\t\t\t\t\n\t\t\t\t\n\t\t\t\t\n\t\t\t\t\t\t\t\t\t<div class=\"elementor-cta__button-wrapper elementor-cta__content-item elementor-content-item elementor-animated-item--grow\">\n\t\t\t\t\t<a class=\"elementor-cta__button elementor-button elementor-size-\" href=\"https:\/\/constant-bossi.com\/fr-fr\/chaussons-univers-homme-femme\/\">\n\t\t\t\t\t\tNOS CHAUSSONS HOMME - FEMME\t\t\t\t\t<\/a>\n\t\t\t\t\t<\/div>\n\t\t\t\t\t\t\t<\/div>\n\t\t\t\t\t\t<\/div>\n\t\t\t\t\t\t<\/div>\n\t\t\t\t<\/div>\n\t\t\t\t<div class=\"elementor-element elementor-element-02f0d0e elementor-cta--skin-cover elementor-animated-content elementor-bg-transform elementor-bg-transform-zoom-in elementor-widget elementor-widget-call-to-action\" data-id=\"02f0d0e\" data-element_type=\"widget\" data-e-type=\"widget\" data-widget_type=\"call-to-action.default\">\n\t\t\t\t<div class=\"elementor-widget-container\">\n\t\t\t\t\t\t\t<div class=\"elementor-cta\">\n\t\t\t\t\t<div class=\"elementor-cta__bg-wrapper\">\n\t\t\t\t<div class=\"elementor-cta__bg elementor-bg\" style=\"background-image: url(https:\/\/constant-bossi.com\/fr-fr\/wp-content\/uploads\/sites\/4\/2024\/07\/Univers-ENFANT-300x137.jpg);\" role=\"img\" aria-label=\"Univers ENFANT\"><\/div>\n\t\t\t\t<div class=\"elementor-cta__bg-overlay\"><\/div>\n\t\t\t<\/div>\n\t\t\t\t\t\t\t<div class=\"elementor-cta__content\">\n\t\t\t\t\n\t\t\t\t\n\t\t\t\t\n\t\t\t\t\t\t\t\t\t<div class=\"elementor-cta__button-wrapper elementor-cta__content-item elementor-content-item elementor-animated-item--grow\">\n\t\t\t\t\t<a class=\"elementor-cta__button elementor-button elementor-size-\" href=\"https:\/\/constant-bossi.com\/fr-fr\/chaussures\/\">\n\t\t\t\t\t\tNOS CHAUSSURES ENFANT\t\t\t\t\t<\/a>\n\t\t\t\t\t<\/div>\n\t\t\t\t\t\t\t<\/div>\n\t\t\t\t\t\t<\/div>\n\t\t\t\t\t\t<\/div>\n\t\t\t\t<\/div>\n\t\t\t\t<\/div>\n\t\t\t\t\t<\/div>\n\t\t\t\t<\/div>\n\t\t<div class=\"elementor-element elementor-element-b22ce45 e-flex e-con-boxed e-con e-parent\" data-id=\"b22ce45\" data-element_type=\"container\" data-e-type=\"container\">\n\t\t\t\t\t<div class=\"e-con-inner\">\n\t\t\t\t<div class=\"elementor-element elementor-element-cfe301b elementor-widget elementor-widget-heading\" data-id=\"cfe301b\" data-element_type=\"widget\" data-e-type=\"widget\" data-widget_type=\"heading.default\">\n\t\t\t\t<div class=\"elementor-widget-container\">\n\t\t\t\t\t<h2 class=\"elementor-heading-title elementor-size-default\">Univers <br>b\u00e9b\u00e9 - enfant<\/h2>\t\t\t\t<\/div>\n\t\t\t\t<\/div>\n\t\t\t\t<div class=\"elementor-element elementor-element-c758517 elementor-widget elementor-widget-heading\" data-id=\"c758517\" data-element_type=\"widget\" data-e-type=\"widget\" data-widget_type=\"heading.default\">\n\t\t\t\t<div class=\"elementor-widget-container\">\n\t\t\t\t\t<h3 class=\"elementor-heading-title elementor-size-default\">Mod\u00e8les Fille et Gar\u00e7on du 17 au 34<\/h3>\t\t\t\t<\/div>\n\t\t\t\t<\/div>\n\t\t\t\t\t<\/div>\n\t\t\t\t<\/div>\n\t\t<div class=\"elementor-element elementor-element-d95f0f1 e-grid e-con-boxed e-con e-parent\" data-id=\"d95f0f1\" data-element_type=\"container\" data-e-type=\"container\">\n\t\t\t\t\t<div class=\"e-con-inner\">\n\t\t\t\t<div class=\"elementor-element elementor-element-3ec06ee elementor-widget elementor-widget-image\" data-id=\"3ec06ee\" data-element_type=\"widget\" data-e-type=\"widget\" data-widget_type=\"image.default\">\n\t\t\t\t<div class=\"elementor-widget-container\">\n\t\t\t\t\t\t\t\t\t\t\t\t\t\t\t<img decoding=\"async\" src=\"https:\/\/constant-bossi.com\/fr-fr\/wp-content\/uploads\/sites\/4\/elementor\/thumbs\/chaussons-Constant-Bossi-13-qt8s2pdlnowfbxnhxsvpbomct1fxk27vk0a8ircfow.jpg\" title=\"chaussons Constant Bossi (13)\" alt=\"chaussons Constant Bossi (13)\" loading=\"lazy\" \/>\t\t\t\t\t\t\t\t\t\t\t\t\t\t\t<\/div>\n\t\t\t\t<\/div>\n\t\t\t\t<div class=\"elementor-element elementor-element-321da3a elementor-widget elementor-widget-image\" data-id=\"321da3a\" data-element_type=\"widget\" data-e-type=\"widget\" data-widget_type=\"image.default\">\n\t\t\t\t<div class=\"elementor-widget-container\">\n\t\t\t\t\t\t\t\t\t\t\t\t\t\t\t<img decoding=\"async\" src=\"https:\/\/constant-bossi.com\/fr-fr\/wp-content\/uploads\/sites\/4\/elementor\/thumbs\/chaussons-Constant-Bossi-portes-9-qt8s2xu5d7808fb7kejcg4hi5ia8hc5gl65lu8zw4w.jpg\" title=\"chaussons Constant Bossi port\u00e9s (9)\" alt=\"chaussons Constant Bossi port\u00e9s (9)\" loading=\"lazy\" \/>\t\t\t\t\t\t\t\t\t\t\t\t\t\t\t<\/div>\n\t\t\t\t<\/div>\n\t\t\t\t<div class=\"elementor-element elementor-element-8fa7ef0 elementor-widget elementor-widget-image\" data-id=\"8fa7ef0\" data-element_type=\"widget\" data-e-type=\"widget\" data-widget_type=\"image.default\">\n\t\t\t\t<div class=\"elementor-widget-container\">\n\t\t\t\t\t\t\t\t\t\t\t\t\t\t\t<img decoding=\"async\" src=\"https:\/\/constant-bossi.com\/fr-fr\/wp-content\/uploads\/sites\/4\/elementor\/thumbs\/chaussons-Constant-Bossi-4-qt8s386dgdm5s4w6w108pjvkoqv9u0aialby4akk8g.jpg\" title=\"chaussons Constant Bossi (4)\" alt=\"chaussons Constant Bossi (4)\" loading=\"lazy\" \/>\t\t\t\t\t\t\t\t\t\t\t\t\t\t\t<\/div>\n\t\t\t\t<\/div>\n\t\t\t\t<div class=\"elementor-element elementor-element-dc1ceec elementor-widget elementor-widget-image\" data-id=\"dc1ceec\" data-element_type=\"widget\" data-e-type=\"widget\" data-widget_type=\"image.default\">\n\t\t\t\t<div class=\"elementor-widget-container\">\n\t\t\t\t\t\t\t\t\t\t\t\t\t\t\t<img decoding=\"async\" src=\"https:\/\/constant-bossi.com\/fr-fr\/wp-content\/uploads\/sites\/4\/elementor\/thumbs\/chaussons-Constant-Bossi-8-qt8s30nnxpbv79743xr85lrvxnwc4fgnlk42a2vpm8.jpg\" title=\"chaussons Constant Bossi (8)\" alt=\"chaussons Constant Bossi (8)\" loading=\"lazy\" \/>\t\t\t\t\t\t\t\t\t\t\t\t\t\t\t<\/div>\n\t\t\t\t<\/div>\n\t\t\t\t<div class=\"elementor-element elementor-element-131f668 elementor-widget elementor-widget-image\" data-id=\"131f668\" data-element_type=\"widget\" data-e-type=\"widget\" data-widget_type=\"image.default\">\n\t\t\t\t<div class=\"elementor-widget-container\">\n\t\t\t\t\t\t\t\t\t\t\t\t\t\t\t<img decoding=\"async\" src=\"https:\/\/constant-bossi.com\/fr-fr\/wp-content\/uploads\/sites\/4\/elementor\/thumbs\/chaussons-Constant-Bossi-10-qt8s2wwb6d6pwtckpw4pvmq1k4ev9n1q91i4cz1ab4.jpg\" title=\"chaussons Constant Bossi (10)\" alt=\"chaussons Constant Bossi (10)\" loading=\"lazy\" \/>\t\t\t\t\t\t\t\t\t\t\t\t\t\t\t<\/div>\n\t\t\t\t<\/div>\n\t\t\t\t<div class=\"elementor-element elementor-element-bd3900e elementor-widget elementor-widget-image\" data-id=\"bd3900e\" data-element_type=\"widget\" data-e-type=\"widget\" data-widget_type=\"image.default\">\n\t\t\t\t<div class=\"elementor-widget-container\">\n\t\t\t\t\t\t\t\t\t\t\t\t\t\t\t<img decoding=\"async\" src=\"https:\/\/constant-bossi.com\/fr-fr\/wp-content\/uploads\/sites\/4\/elementor\/thumbs\/chaussons-Constant-Bossi-portes-13-qt8s378j9jkvgixk1ilm52443czwmb6rygogn0lyeo.jpg\" title=\"chaussons Constant Bossi port\u00e9s (13)\" alt=\"chaussons Constant Bossi port\u00e9s (13)\" loading=\"lazy\" \/>\t\t\t\t\t\t\t\t\t\t\t\t\t\t\t<\/div>\n\t\t\t\t<\/div>\n\t\t\t\t<div class=\"elementor-element elementor-element-e730269 elementor-widget elementor-widget-image\" data-id=\"e730269\" data-element_type=\"widget\" data-e-type=\"widget\" data-widget_type=\"image.default\">\n\t\t\t\t<div class=\"elementor-widget-container\">\n\t\t\t\t\t\t\t\t\t\t\t\t\t\t\t<img decoding=\"async\" src=\"https:\/\/constant-bossi.com\/fr-fr\/wp-content\/uploads\/sites\/4\/elementor\/thumbs\/chaussons-Constant-Bossi-17-qt8s2huw50m4r1yf5pmorqio1ygzuhe0uz2cojnl2o.jpg\" title=\"chaussons Constant Bossi (17)\" alt=\"chaussons Constant Bossi (17)\" loading=\"lazy\" \/>\t\t\t\t\t\t\t\t\t\t\t\t\t\t\t<\/div>\n\t\t\t\t<\/div>\n\t\t\t\t<div class=\"elementor-element elementor-element-80abe5b elementor-widget elementor-widget-image\" data-id=\"80abe5b\" data-element_type=\"widget\" data-e-type=\"widget\" data-widget_type=\"image.default\">\n\t\t\t\t<div class=\"elementor-widget-container\">\n\t\t\t\t\t\t\t\t\t\t\t\t\t\t\t<img decoding=\"async\" src=\"https:\/\/constant-bossi.com\/fr-fr\/wp-content\/uploads\/sites\/4\/elementor\/thumbs\/chaussons-Constant-Bossi-portes-10-qt8s3dteldtvpsnzz3g04igc923h46wwbd8uzyc774.jpg\" title=\"chaussons Constant Bossi port\u00e9s (10)\" alt=\"chaussons Constant Bossi port\u00e9s (10)\" loading=\"lazy\" \/>\t\t\t\t\t\t\t\t\t\t\t\t\t\t\t<\/div>\n\t\t\t\t<\/div>\n\t\t\t\t<div class=\"elementor-element elementor-element-9476c7e elementor-widget elementor-widget-image\" data-id=\"9476c7e\" data-element_type=\"widget\" data-e-type=\"widget\" data-widget_type=\"image.default\">\n\t\t\t\t<div class=\"elementor-widget-container\">\n\t\t\t\t\t\t\t\t\t\t\t\t\t\t\t<img decoding=\"async\" src=\"https:\/\/constant-bossi.com\/fr-fr\/wp-content\/uploads\/sites\/4\/elementor\/thumbs\/velours-cotele-ecusson-fille-scaled-qt8rzvv15l1gi1qyekzzue8knfcagr0v61tsoviycw.jpg\" title=\"velours cotel\u00e9 ecusson fille\" alt=\"velours cotel\u00e9 ecusson fille\" loading=\"lazy\" \/>\t\t\t\t\t\t\t\t\t\t\t\t\t\t\t<\/div>\n\t\t\t\t<\/div>\n\t\t\t\t\t<\/div>\n\t\t\t\t<\/div>\n\t\t<div class=\"elementor-element elementor-element-67384eb e-flex e-con-boxed e-con e-parent\" data-id=\"67384eb\" data-element_type=\"container\" data-e-type=\"container\">\n\t\t\t\t\t<div class=\"e-con-inner\">\n\t\t\t\t<div class=\"elementor-element elementor-element-f0d3cc7 elementor-cta--skin-cover elementor-bg-transform elementor-bg-transform-zoom-out elementor-animated-content elementor-widget elementor-widget-call-to-action\" data-id=\"f0d3cc7\" data-element_type=\"widget\" data-e-type=\"widget\" data-widget_type=\"call-to-action.default\">\n\t\t\t\t<div class=\"elementor-widget-container\">\n\t\t\t\t\t\t\t<div class=\"elementor-cta\">\n\t\t\t\t\t<div class=\"elementor-cta__bg-wrapper\">\n\t\t\t\t<div class=\"elementor-cta__bg elementor-bg\" style=\"background-image: url(https:\/\/constant-bossi.com\/fr-fr\/wp-content\/uploads\/sites\/4\/2024\/07\/Bureau-detude-2-1024x682.png);\" role=\"img\" aria-label=\"Bureau d&#039;\u00e9tude 2\"><\/div>\n\t\t\t\t<div class=\"elementor-cta__bg-overlay\"><\/div>\n\t\t\t<\/div>\n\t\t\t\t\t\t\t<div class=\"elementor-cta__content\">\n\t\t\t\t\n\t\t\t\t\t\t\t\t\t<h2 class=\"elementor-cta__title elementor-cta__content-item elementor-content-item elementor-animated-item--grow\">\n\t\t\t\t\t\tCr\u00e9ativit\u00e9 \t\t\t\t\t<\/h2>\n\t\t\t\t\n\t\t\t\t\t\t\t\t\t<div class=\"elementor-cta__description elementor-cta__content-item elementor-content-item elementor-animated-item--grow\">\n\t\t\t\t\t\tNotre bureau d\u2019\u00e9tude con\u00e7oit et d\u00e9veloppe l\u2019ensemble de nos mod\u00e8les. \t\t\t\t\t<\/div>\n\t\t\t\t\n\t\t\t\t\t\t\t\t\t<div class=\"elementor-cta__button-wrapper elementor-cta__content-item elementor-content-item elementor-animated-item--grow\">\n\t\t\t\t\t<a class=\"elementor-cta__button elementor-button elementor-size-\">\n\t\t\t\t\t\tNos savoir-faire\t\t\t\t\t<\/a>\n\t\t\t\t\t<\/div>\n\t\t\t\t\t\t\t<\/div>\n\t\t\t\t\t\t<\/div>\n\t\t\t\t\t\t<\/div>\n\t\t\t\t<\/div>\n\t\t\t\t\t<\/div>\n\t\t\t\t<\/div>\n\t\t<div class=\"elementor-element elementor-element-75b0eaa e-grid e-con-boxed e-con e-parent\" data-id=\"75b0eaa\" data-element_type=\"container\" data-e-type=\"container\">\n\t\t\t\t\t<div class=\"e-con-inner\">\n\t\t\t\t<div class=\"elementor-element elementor-element-f6c978c elementor-widget elementor-widget-image\" data-id=\"f6c978c\" data-element_type=\"widget\" data-e-type=\"widget\" data-widget_type=\"image.default\">\n\t\t\t\t<div class=\"elementor-widget-container\">\n\t\t\t\t\t\t\t\t\t\t\t\t\t\t\t<img decoding=\"async\" src=\"https:\/\/constant-bossi.com\/fr-fr\/wp-content\/uploads\/sites\/4\/elementor\/thumbs\/Chaussons-enfant-BOSSI-002-qrcejdt4517fcgcn6cbaqg99mn2yifja2w14ri5ysw.png\" title=\"Chaussons enfant BOSSI 002\" alt=\"Chaussons enfant BOSSI 002\" loading=\"lazy\" \/>\t\t\t\t\t\t\t\t\t\t\t\t\t\t\t<\/div>\n\t\t\t\t<\/div>\n\t\t\t\t<div class=\"elementor-element elementor-element-29cf675 elementor-widget elementor-widget-image\" data-id=\"29cf675\" data-element_type=\"widget\" data-e-type=\"widget\" data-widget_type=\"image.default\">\n\t\t\t\t<div class=\"elementor-widget-container\">\n\t\t\t\t\t\t\t\t\t\t\t\t\t\t\t<img decoding=\"async\" src=\"https:\/\/constant-bossi.com\/fr-fr\/wp-content\/uploads\/sites\/4\/elementor\/thumbs\/Chaussons-enfant-BOSSI-005-qrcejazlkj3kdmgqmt3f0yyvuhguvc832i2oboa5bk.png\" title=\"Chaussons enfant BOSSI 005\" alt=\"Chaussons enfant BOSSI 005\" loading=\"lazy\" \/>\t\t\t\t\t\t\t\t\t\t\t\t\t\t\t<\/div>\n\t\t\t\t<\/div>\n\t\t\t\t<div class=\"elementor-element elementor-element-25e99ff elementor-widget elementor-widget-image\" data-id=\"25e99ff\" data-element_type=\"widget\" data-e-type=\"widget\" data-widget_type=\"image.default\">\n\t\t\t\t<div class=\"elementor-widget-container\">\n\t\t\t\t\t\t\t\t\t\t\t\t\t\t\t<img decoding=\"async\" src=\"https:\/\/constant-bossi.com\/fr-fr\/wp-content\/uploads\/sites\/4\/elementor\/thumbs\/Chaussons-enfant-BOSSI-006-qrceiww0q0k9jh17x500hkiyxpecnvo40kae4iv1ww.png\" title=\"Chaussons enfant BOSSI 006\" alt=\"Chaussons enfant BOSSI 006\" loading=\"lazy\" \/>\t\t\t\t\t\t\t\t\t\t\t\t\t\t\t<\/div>\n\t\t\t\t<\/div>\n\t\t\t\t\t<\/div>\n\t\t\t\t<\/div>\n\t\t<div class=\"elementor-element elementor-element-d35bd54 e-flex e-con-boxed e-con e-parent\" data-id=\"d35bd54\" data-element_type=\"container\" data-e-type=\"container\" data-settings=\"{&quot;background_background&quot;:&quot;classic&quot;}\">\n\t\t\t\t\t<div class=\"e-con-inner\">\n\t\t\t\t<div class=\"elementor-element elementor-element-b1c2866 elementor-widget elementor-widget-text-editor\" data-id=\"b1c2866\" data-element_type=\"widget\" data-e-type=\"widget\" data-widget_type=\"text-editor.default\">\n\t\t\t\t<div class=\"elementor-widget-container\">\n\t\t\t\t\t\t\t\t\t<p><strong>Parlez-nous de vous et de votre projet !<\/strong><\/p>\t\t\t\t\t\t\t\t<\/div>\n\t\t\t\t<\/div>\n\t\t\t\t<div class=\"elementor-element elementor-element-46d2424 elementor-align-center elementor-widget elementor-widget-button\" data-id=\"46d2424\" data-element_type=\"widget\" data-e-type=\"widget\" data-widget_type=\"button.default\">\n\t\t\t\t<div class=\"elementor-widget-container\">\n\t\t\t\t\t\t\t\t\t<div class=\"elementor-button-wrapper\">\n\t\t\t\t\t<a class=\"elementor-button elementor-button-link elementor-size-sm\" href=\"https:\/\/constant-bossi.com\/fr-fr\/contact\/\">\n\t\t\t\t\t\t<span class=\"elementor-button-content-wrapper\">\n\t\t\t\t\t\t\t\t\t<span class=\"elementor-button-text\">Nous contacter<\/span>\n\t\t\t\t\t<\/span>\n\t\t\t\t\t<\/a>\n\t\t\t\t<\/div>\n\t\t\t\t\t\t\t\t<\/div>\n\t\t\t\t<\/div>\n\t\t\t\t\t<\/div>\n\t\t\t\t<\/div>\n\t\t<div class=\"elementor-element elementor-element-c93f841 e-flex e-con-boxed e-con e-parent\" data-id=\"c93f841\" data-element_type=\"container\" data-e-type=\"container\">\n\t\t\t\t\t<div class=\"e-con-inner\">\n\t\t<div class=\"elementor-element elementor-element-724ad67 e-con-full e-flex e-con e-child\" data-id=\"724ad67\" data-element_type=\"container\" data-e-type=\"container\">\n\t\t<div class=\"elementor-element elementor-element-36b6751 e-grid e-con-full e-con e-child\" data-id=\"36b6751\" data-element_type=\"container\" data-e-type=\"container\">\n\t\t\t\t<div class=\"elementor-element elementor-element-353314e elementor-widget elementor-widget-image\" data-id=\"353314e\" data-element_type=\"widget\" data-e-type=\"widget\" data-widget_type=\"image.default\">\n\t\t\t\t<div class=\"elementor-widget-container\">\n\t\t\t\t\t\t\t\t\t\t\t\t\t\t\t<img fetchpriority=\"high\" decoding=\"async\" width=\"216\" height=\"289\" src=\"https:\/\/constant-bossi.com\/fr-fr\/wp-content\/uploads\/sites\/4\/2024\/07\/Broderie-C.BOSSI-100.jpg\" class=\"attachment-ocean-thumb-l size-ocean-thumb-l wp-image-1004\" alt=\"\" \/>\t\t\t\t\t\t\t\t\t\t\t\t\t\t\t<\/div>\n\t\t\t\t<\/div>\n\t\t\t\t<div class=\"elementor-element elementor-element-3ae8e07 elementor-widget elementor-widget-image\" data-id=\"3ae8e07\" data-element_type=\"widget\" data-e-type=\"widget\" data-widget_type=\"image.default\">\n\t\t\t\t<div class=\"elementor-widget-container\">\n\t\t\t\t\t\t\t\t\t\t\t\t\t\t\t<img decoding=\"async\" width=\"216\" height=\"288\" src=\"https:\/\/constant-bossi.com\/fr-fr\/wp-content\/uploads\/sites\/4\/2024\/07\/Impression-tissu-C.BOSSI-100.jpg\" class=\"attachment-large size-large wp-image-1033\" alt=\"\" \/>\t\t\t\t\t\t\t\t\t\t\t\t\t\t\t<\/div>\n\t\t\t\t<\/div>\n\t\t\t\t<div class=\"elementor-element elementor-element-7257b37 elementor-widget elementor-widget-image\" data-id=\"7257b37\" data-element_type=\"widget\" data-e-type=\"widget\" data-widget_type=\"image.default\">\n\t\t\t\t<div class=\"elementor-widget-container\">\n\t\t\t\t\t\t\t\t\t\t\t\t\t\t\t<img decoding=\"async\" width=\"217\" height=\"288\" src=\"https:\/\/constant-bossi.com\/fr-fr\/wp-content\/uploads\/sites\/4\/2024\/07\/Transfert-marquage-C.BOSSI-100.jpg\" class=\"attachment-large size-large wp-image-1035\" alt=\"\" \/>\t\t\t\t\t\t\t\t\t\t\t\t\t\t\t<\/div>\n\t\t\t\t<\/div>\n\t\t\t\t<div class=\"elementor-element elementor-element-abe47f7 elementor-widget elementor-widget-image\" data-id=\"abe47f7\" data-element_type=\"widget\" data-e-type=\"widget\" data-widget_type=\"image.default\">\n\t\t\t\t<div class=\"elementor-widget-container\">\n\t\t\t\t\t\t\t\t\t\t\t\t\t\t\t<img loading=\"lazy\" decoding=\"async\" width=\"216\" height=\"288\" src=\"https:\/\/constant-bossi.com\/fr-fr\/wp-content\/uploads\/sites\/4\/2024\/07\/Semelle-C.BOSSI-100.jpg\" class=\"attachment-large size-large wp-image-1007\" alt=\"\" \/>\t\t\t\t\t\t\t\t\t\t\t\t\t\t\t<\/div>\n\t\t\t\t<\/div>\n\t\t\t\t<\/div>\n\t\t\t\t<\/div>\n\t\t\t\t<div class=\"elementor-element elementor-element-9543349 elementor-align-center elementor-widget elementor-widget-button\" data-id=\"9543349\" data-element_type=\"widget\" data-e-type=\"widget\" data-widget_type=\"button.default\">\n\t\t\t\t<div class=\"elementor-widget-container\">\n\t\t\t\t\t\t\t\t\t<div class=\"elementor-button-wrapper\">\n\t\t\t\t\t<a class=\"elementor-button elementor-button-link elementor-size-sm\" href=\"https:\/\/constant-bossi.com\/fr-fr\/savoir-faire\/\">\n\t\t\t\t\t\t<span class=\"elementor-button-content-wrapper\">\n\t\t\t\t\t\t\t\t\t<span class=\"elementor-button-text\">D\u00e9couvrez NOS savoir-faire<\/span>\n\t\t\t\t\t<\/span>\n\t\t\t\t\t<\/a>\n\t\t\t\t<\/div>\n\t\t\t\t\t\t\t\t<\/div>\n\t\t\t\t<\/div>\n\t\t\t\t\t<\/div>\n\t\t\t\t<\/div>\n\t\t\t\t<\/div>\n\t\t","protected":false},"excerpt":{"rendered":"<p>Voir \u00e9galement &#8230; NOS CHAUSSONS HOMME &#8211; FEMME NOS CHAUSSURES ENFANT Univers b\u00e9b\u00e9 &#8211; enfant Mod\u00e8les Fille et Gar\u00e7on du 17 au 34 Cr\u00e9ativit\u00e9 Notre bureau d\u2019\u00e9tude con\u00e7oit et d\u00e9veloppe l\u2019ensemble de nos mod\u00e8les. Nos savoir-faire Parlez-nous de vous et de votre projet ! Nous contacter D\u00e9couvrez NOS savoir-faire<\/p>\n","protected":false},"author":4,"featured_media":0,"parent":51,"menu_order":0,"comment_status":"closed","ping_status":"closed","template":"","meta":{"_trash_the_other_posts":false,"editor_notices":[],"footnotes":""},"class_list":["post-1186","page","type-page","status-publish","hentry","entry"],"_links":{"self":[{"href":"https:\/\/constant-bossi.com\/fr-fr\/wp-json\/wp\/v2\/pages\/1186","targetHints":{"allow":["GET"]}}],"collection":[{"href":"https:\/\/constant-bossi.com\/fr-fr\/wp-json\/wp\/v2\/pages"}],"about":[{"href":"https:\/\/constant-bossi.com\/fr-fr\/wp-json\/wp\/v2\/types\/page"}],"author":[{"embeddable":true,"href":"https:\/\/constant-bossi.com\/fr-fr\/wp-json\/wp\/v2\/users\/4"}],"replies":[{"embeddable":true,"href":"https:\/\/constant-bossi.com\/fr-fr\/wp-json\/wp\/v2\/comments?post=1186"}],"version-history":[{"count":11,"href":"https:\/\/constant-bossi.com\/fr-fr\/wp-json\/wp\/v2\/pages\/1186\/revisions"}],"predecessor-version":[{"id":1310,"href":"https:\/\/constant-bossi.com\/fr-fr\/wp-json\/wp\/v2\/pages\/1186\/revisions\/1310"}],"up":[{"embeddable":true,"href":"https:\/\/constant-bossi.com\/fr-fr\/wp-json\/wp\/v2\/pages\/51"}],"wp:attachment":[{"href":"https:\/\/constant-bossi.com\/fr-fr\/wp-json\/wp\/v2\/media?parent=1186"}],"curies":[{"name":"wp","href":"https:\/\/api.w.org\/{rel}","templated":true}]}}